{"id":1147,"date":"2015-03-11T17:27:04","date_gmt":"2015-03-11T21:27:04","guid":{"rendered":"http:\/\/dolcipiu.ca\/?page_id=1147"},"modified":"2024-07-13T15:08:35","modified_gmt":"2024-07-13T19:08:35","slug":"patisserie","status":"publish","type":"page","link":"https:\/\/dolcipiu.ca\/fr\/patisserie\/","title":{"rendered":"P\u00e2tisserie"},"content":{"rendered":"<div class=\"wpb-content-wrapper\"><p>[vc_row][vc_column width=\u00a0\u00bb2\/3&Prime;][vc_custom_heading text=\u00a0\u00bbBienvenue chez notre P\u00e2tisserie\u00a0\u00bb font_container=\u00a0\u00bbtag:h6|font_size:30|text_align:left|color:%23d8a4af|line_height:2&Prime; google_fonts=\u00a0\u00bbfont_family:Cinzel%3Aregular%2C700%2C900|font_style:400%20regular%3A400%3Anormal\u00a0\u00bb][vc_column_text]<\/p>\n<p style=\"text-align: justify;\">Votre \u00e9v\u00e8nement n\u00e9cessite un petit je-ne-sais-quoi suppl\u00e9mentaire? Ne cherchez plus! Dolci Piu vous propose un vaste \u00e9ventail de d\u00e9licieuses options qui sauront compl\u00e9menter toute occasion.<\/p>\n<p style=\"text-align: justify;\">Les chefs p\u00e2tissiers de Dolci Piu prennent le plus grand plaisir \u00e0 vous offrir d\u2019all\u00e9chants desserts de la plus haute qualit\u00e9, faits sur mesure selon votre th\u00e8me. Des petits g\u00e2teaux aux <em>cake pops,<\/em> en passant par les biscuits, nous ne demandons rien de mieux que de travailler avec vous pour fa\u00e7onner un menu qui \u00e9patera la galerie \u00e0 tout coup!<\/p>\n<p><em>* Merci de passer vos commandes au moins 72 heures d\u2019avance. <\/em>[\/vc_column_text][\/vc_column][vc_column width=\u00a0\u00bb1\/3&Prime;][vc_single_image image=\u00a0\u00bb1657&Prime; img_size=\u00a0\u00bb150&#215;250&Prime; alignment=\u00a0\u00bbcenter\u00a0\u00bb css_animation=\u00a0\u00bbappear\u00a0\u00bb][\/vc_column][\/vc_row][vc_row][vc_column][vc_empty_space height=\u00a0\u00bb1px\u00a0\u00bb][\/vc_column][\/vc_row][vc_row][vc_column width=\u00a0\u00bb1\/3&Prime;][vc_single_image image=\u00a0\u00bb144&Prime; img_size=\u00a0\u00bbmedium\u00a0\u00bb alignment=\u00a0\u00bbcenter\u00a0\u00bb style=\u00a0\u00bbvc_box_outline\u00a0\u00bb border_color=\u00a0\u00bbwhite\u00a0\u00bb onclick=\u00a0\u00bbcustom_link\u00a0\u00bb title=\u00a0\u00bbCupcakes\u00a0\u00bb link=\u00a0\u00bbhttp:\/\/dolcipiu.ca\/fr\/patisserie\/cupcakes\/\u00a0\u00bb][vc_column_text]<\/p>\n<p style=\"text-align: justify;\">Classiques ou faits sur mesure, nos cupcakes&nbsp;sont remplis d\u2019une cr\u00e8me l\u00e9g\u00e8re, puis garnis de notre cr\u00e8me au beurre maison.<\/p>\n<p>[\/vc_column_text][\/vc_column][vc_column width=\u00a0\u00bb1\/3&Prime;][vc_single_image image=\u00a0\u00bb145&Prime; img_size=\u00a0\u00bbmedium\u00a0\u00bb alignment=\u00a0\u00bbcenter\u00a0\u00bb style=\u00a0\u00bbvc_box_outline\u00a0\u00bb border_color=\u00a0\u00bbwhite\u00a0\u00bb onclick=\u00a0\u00bbcustom_link\u00a0\u00bb title=\u00a0\u00bbMacarons\u00a0\u00bb link=\u00a0\u00bbhttp:\/\/dolcipiu.ca\/fr\/patisserie\/macarons\/\u00a0\u00bb][vc_column_text]<\/p>\n<p style=\"text-align: justify;\">Faits maison \u00e0 100%, \u00e0 partir des ingr\u00e9dients les plus fins, notre gamme de macarons aux couleurs de l\u2019arc-en-ciel saura \u00e9gayer votre table.<\/p>\n<p>[\/vc_column_text][\/vc_column][vc_column width=\u00a0\u00bb1\/3&Prime;][vc_single_image image=\u00a0\u00bb1659&Prime; img_size=\u00a0\u00bbmedium\u00a0\u00bb alignment=\u00a0\u00bbcenter\u00a0\u00bb style=\u00a0\u00bbvc_box_outline\u00a0\u00bb border_color=\u00a0\u00bbwhite\u00a0\u00bb onclick=\u00a0\u00bbcustom_link\u00a0\u00bb title=\u00a0\u00bbCakepops\u00a0\u00bb link=\u00a0\u00bbhttp:\/\/dolcipiu.ca\/fr\/patisserie\/cake-pops-2\/\u00a0\u00bb][vc_column_text]<\/p>\n<p style=\"text-align: justify;\">Offerts en saveur chocolat, vanille ou <em>red velvet<\/em>, nos super <em>cake pops<\/em> sont une id\u00e9e de choix pour agr\u00e9menter votre table de desserts, ou encore pour offrir comme bonbonni\u00e8re<\/p>\n<p>[\/vc_column_text][\/vc_column][\/vc_row][vc_row][vc_column][vc_empty_space height=\u00a0\u00bb1px\u00a0\u00bb][\/vc_column][\/vc_row][vc_row][vc_column width=\u00a0\u00bb1\/3&Prime;][vc_single_image image=\u00a0\u00bb146&Prime; img_size=\u00a0\u00bbmedium\u00a0\u00bb alignment=\u00a0\u00bbcenter\u00a0\u00bb style=\u00a0\u00bbvc_box_outline\u00a0\u00bb border_color=\u00a0\u00bbwhite\u00a0\u00bb onclick=\u00a0\u00bbcustom_link\u00a0\u00bb title=\u00a0\u00bbBiscuits\u00a0\u00bb link=\u00a0\u00bbhttp:\/\/dolcipiu.ca\/fr\/patisserie\/biscuits\/\u00a0\u00bb][vc_column_text]<\/p>\n<p style=\"text-align: justify;\">Difficile de r\u00e9sister \u00e0 de d\u00e9licieux biscuits sabl\u00e9s au beurre. Avec notre \u00e9ventail de formes et de couleurs, nous saurons pr\u00e9parer des biscuits sur mesure pour chacune de vos occasions sp\u00e9ciales.<\/p>\n<p>[\/vc_column_text][\/vc_column][vc_column width=\u00a0\u00bb1\/3&Prime;][vc_single_image image=\u00a0\u00bb1667&Prime; img_size=\u00a0\u00bbmedium\u00a0\u00bb alignment=\u00a0\u00bbcenter\u00a0\u00bb style=\u00a0\u00bbvc_box_outline\u00a0\u00bb border_color=\u00a0\u00bbwhite\u00a0\u00bb onclick=\u00a0\u00bbcustom_link\u00a0\u00bb title=\u00a0\u00bbG\u00e2teaux\u00a0\u00bb link=\u00a0\u00bbhttp:\/\/dolcipiu.ca\/fr\/patisserie\/gateaux\/\u00a0\u00bb][vc_column_text]<\/p>\n<p style=\"text-align: justify;\">Nos d\u00e9cadents g\u00e2teaux pr\u00eats \u00e0 d\u00e9guster sont disponibles chaque jour. Une id\u00e9e formidable pour les rassemblements et les cadeaux d\u2019h\u00f4tesse de derni\u00e8re minute!<\/p>\n<p>[\/vc_column_text][\/vc_column][vc_column width=\u00a0\u00bb1\/3&Prime;][vc_single_image image=\u00a0\u00bb1664&Prime; img_size=\u00a0\u00bbmedium\u00a0\u00bb alignment=\u00a0\u00bbcenter\u00a0\u00bb style=\u00a0\u00bbvc_box_outline\u00a0\u00bb border_color=\u00a0\u00bbwhite\u00a0\u00bb onclick=\u00a0\u00bbcustom_link\u00a0\u00bb title=\u00a0\u00bbP\u00e2tisseries\u00a0\u00bb link=\u00a0\u00bbhttp:\/\/dolcipiu.ca\/fr\/patisserie\/patisseries\/\u00a0\u00bb][vc_column_text]<\/p>\n<p style=\"text-align: justify;\">De d\u00e9lectables confections qui plairont assur\u00e9ment \u00e0 tous les palets! Nos p\u00e2tisseries, fraichement pr\u00e9par\u00e9es chaque jour, font toujours fureur! N\u2019oubliez surtout pas de mettre la main sur l\u2019un de nos fameux cannolis!<\/p>\n<p>[\/vc_column_text][\/vc_column][\/vc_row]<\/p>\n<\/div>","protected":false},"excerpt":{"rendered":"<p>[vc_row][vc_column width=\u00a0\u00bb2\/3&Prime;][vc_custom_heading text=\u00a0\u00bbBienvenue chez notre P\u00e2tisserie\u00a0\u00bb font_container=\u00a0\u00bbtag:h6|font_size:30|text_align:left|color:%23d8a4af|line_height:2&Prime; google_fonts=\u00a0\u00bbfont_family:Cinzel%3Aregular%2C700%2C900|font_style:400%20regular%3A400%3Anormal\u00a0\u00bb][vc_column_text] Votre \u00e9v\u00e8nement n\u00e9cessite un petit je-ne-sais-quoi suppl\u00e9mentaire? Ne cherchez plus! Dolci Piu vous propose un vaste \u00e9ventail de d\u00e9licieuses options qui sauront compl\u00e9menter toute occasion. Les chefs p\u00e2tissiers de Dolci Piu prennent le plus grand plaisir \u00e0 vous offrir d\u2019all\u00e9chants desserts de la plus haute qualit\u00e9, faits [&hellip;]<\/p>\n","protected":false},"author":1,"featured_media":1107,"parent":0,"menu_order":0,"comment_status":"open","ping_status":"open","template":"","meta":{"om_disable_all_campaigns":false,"_monsterinsights_skip_tracking":false,"_monsterinsights_sitenote_active":false,"_monsterinsights_sitenote_note":"","_monsterinsights_sitenote_category":0,"ngg_post_thumbnail":0,"footnotes":""},"class_list":["post-1147","page","type-page","status-publish","has-post-thumbnail","hentry"],"yoast_head":"<!-- This site is optimized with the Yoast SEO plugin v27.4 - https:\/\/yoast.com\/product\/yoast-seo-wordpress\/ -->\n<title>P\u00e2tisserie - Patisserie Dolci Piu<\/title>\n<meta name=\"robots\" content=\"index, follow, max-snippet:-1, max-image-preview:large, max-video-preview:-1\" \/>\n<link rel=\"canonical\" href=\"https:\/\/dolcipiu.ca\/fr\/patisserie\/\" \/>\n<meta property=\"og:locale\" content=\"fr_FR\" \/>\n<meta property=\"og:type\" content=\"article\" \/>\n<meta property=\"og:title\" content=\"P\u00e2tisserie - Patisserie Dolci Piu\" \/>\n<meta property=\"og:description\" content=\"[vc_row][vc_column width=\u00a0\u00bb2\/3&Prime;][vc_custom_heading text=\u00a0\u00bbBienvenue chez notre P\u00e2tisserie\u00a0\u00bb font_container=\u00a0\u00bbtag:h6|font_size:30|text_align:left|color:%23d8a4af|line_height:2&Prime; google_fonts=\u00a0\u00bbfont_family:Cinzel%3Aregular%2C700%2C900|font_style:400%20regular%3A400%3Anormal\u00a0\u00bb][vc_column_text] Votre \u00e9v\u00e8nement n\u00e9cessite un petit je-ne-sais-quoi suppl\u00e9mentaire? Ne cherchez plus! Dolci Piu vous propose un vaste \u00e9ventail de d\u00e9licieuses options qui sauront compl\u00e9menter toute occasion. Les chefs p\u00e2tissiers de Dolci Piu prennent le plus grand plaisir \u00e0 vous offrir d\u2019all\u00e9chants desserts de la plus haute qualit\u00e9, faits [&hellip;]\" \/>\n<meta property=\"og:url\" content=\"https:\/\/dolcipiu.ca\/fr\/patisserie\/\" \/>\n<meta property=\"og:site_name\" content=\"Patisserie Dolci Piu\" \/>\n<meta property=\"article:publisher\" content=\"https:\/\/www.facebook.com\/dolcipiu\" \/>\n<meta property=\"article:modified_time\" content=\"2024-07-13T19:08:35+00:00\" \/>\n<meta property=\"og:image\" content=\"https:\/\/dolcipiu.ca\/wp-content\/uploads\/2014\/12\/dolci-piu-macarons-wedding-cakes-roses-teacup-22.jpg\" \/>\n\t<meta property=\"og:image:width\" content=\"2000\" \/>\n\t<meta property=\"og:image:height\" content=\"625\" \/>\n\t<meta property=\"og:image:type\" content=\"image\/jpeg\" \/>\n<meta name=\"twitter:card\" content=\"summary_large_image\" \/>\n<meta name=\"twitter:label1\" content=\"Dur\u00e9e de lecture estim\u00e9e\" \/>\n\t<meta name=\"twitter:data1\" content=\"2 minutes\" \/>\n<script type=\"application\/ld+json\" class=\"yoast-schema-graph\">{\"@context\":\"https:\\\/\\\/schema.org\",\"@graph\":[{\"@type\":\"WebPage\",\"@id\":\"https:\\\/\\\/dolcipiu.ca\\\/fr\\\/patisserie\\\/\",\"url\":\"https:\\\/\\\/dolcipiu.ca\\\/fr\\\/patisserie\\\/\",\"name\":\"P\u00e2tisserie - Patisserie Dolci Piu\",\"isPartOf\":{\"@id\":\"https:\\\/\\\/dolcipiu.ca\\\/#website\"},\"primaryImageOfPage\":{\"@id\":\"https:\\\/\\\/dolcipiu.ca\\\/fr\\\/patisserie\\\/#primaryimage\"},\"image\":{\"@id\":\"https:\\\/\\\/dolcipiu.ca\\\/fr\\\/patisserie\\\/#primaryimage\"},\"thumbnailUrl\":\"https:\\\/\\\/dolcipiu.ca\\\/wp-content\\\/uploads\\\/2014\\\/12\\\/dolci-piu-macarons-wedding-cakes-roses-teacup-22.jpg\",\"datePublished\":\"2015-03-11T21:27:04+00:00\",\"dateModified\":\"2024-07-13T19:08:35+00:00\",\"breadcrumb\":{\"@id\":\"https:\\\/\\\/dolcipiu.ca\\\/fr\\\/patisserie\\\/#breadcrumb\"},\"inLanguage\":\"fr-FR\",\"potentialAction\":[{\"@type\":\"ReadAction\",\"target\":[\"https:\\\/\\\/dolcipiu.ca\\\/fr\\\/patisserie\\\/\"]}]},{\"@type\":\"ImageObject\",\"inLanguage\":\"fr-FR\",\"@id\":\"https:\\\/\\\/dolcipiu.ca\\\/fr\\\/patisserie\\\/#primaryimage\",\"url\":\"https:\\\/\\\/dolcipiu.ca\\\/wp-content\\\/uploads\\\/2014\\\/12\\\/dolci-piu-macarons-wedding-cakes-roses-teacup-22.jpg\",\"contentUrl\":\"https:\\\/\\\/dolcipiu.ca\\\/wp-content\\\/uploads\\\/2014\\\/12\\\/dolci-piu-macarons-wedding-cakes-roses-teacup-22.jpg\",\"width\":2000,\"height\":625},{\"@type\":\"BreadcrumbList\",\"@id\":\"https:\\\/\\\/dolcipiu.ca\\\/fr\\\/patisserie\\\/#breadcrumb\",\"itemListElement\":[{\"@type\":\"ListItem\",\"position\":1,\"name\":\"Home\",\"item\":\"https:\\\/\\\/dolcipiu.ca\\\/fr\\\/\"},{\"@type\":\"ListItem\",\"position\":2,\"name\":\"P\u00e2tisserie\"}]},{\"@type\":\"WebSite\",\"@id\":\"https:\\\/\\\/dolcipiu.ca\\\/#website\",\"url\":\"https:\\\/\\\/dolcipiu.ca\\\/\",\"name\":\"Patisserie Dolci Piu\",\"description\":\"Montreal&#039;s Best Wedding Cakes | Delicious Custom Cakes | Cafe-Bistro | Catering | Bakery\",\"publisher\":{\"@id\":\"https:\\\/\\\/dolcipiu.ca\\\/#organization\"},\"potentialAction\":[{\"@type\":\"SearchAction\",\"target\":{\"@type\":\"EntryPoint\",\"urlTemplate\":\"https:\\\/\\\/dolcipiu.ca\\\/?s={search_term_string}\"},\"query-input\":{\"@type\":\"PropertyValueSpecification\",\"valueRequired\":true,\"valueName\":\"search_term_string\"}}],\"inLanguage\":\"fr-FR\"},{\"@type\":\"Organization\",\"@id\":\"https:\\\/\\\/dolcipiu.ca\\\/#organization\",\"name\":\"Dolci Piu\",\"url\":\"https:\\\/\\\/dolcipiu.ca\\\/\",\"logo\":{\"@type\":\"ImageObject\",\"inLanguage\":\"fr-FR\",\"@id\":\"https:\\\/\\\/dolcipiu.ca\\\/#\\\/schema\\\/logo\\\/image\\\/\",\"url\":\"https:\\\/\\\/dolcipiu.ca\\\/wp-content\\\/uploads\\\/2014\\\/12\\\/Dolci-Piu-Website-Logo-2.png\",\"contentUrl\":\"https:\\\/\\\/dolcipiu.ca\\\/wp-content\\\/uploads\\\/2014\\\/12\\\/Dolci-Piu-Website-Logo-2.png\",\"width\":360,\"height\":217,\"caption\":\"Dolci Piu\"},\"image\":{\"@id\":\"https:\\\/\\\/dolcipiu.ca\\\/#\\\/schema\\\/logo\\\/image\\\/\"},\"sameAs\":[\"https:\\\/\\\/www.facebook.com\\\/dolcipiu\",\"https:\\\/\\\/www.instagram.com\\\/dolcipiu\\\/\"]}]}<\/script>\n<!-- \/ Yoast SEO plugin. -->","yoast_head_json":{"title":"P\u00e2tisserie - Patisserie Dolci Piu","robots":{"index":"index","follow":"follow","max-snippet":"max-snippet:-1","max-image-preview":"max-image-preview:large","max-video-preview":"max-video-preview:-1"},"canonical":"https:\/\/dolcipiu.ca\/fr\/patisserie\/","og_locale":"fr_FR","og_type":"article","og_title":"P\u00e2tisserie - Patisserie Dolci Piu","og_description":"[vc_row][vc_column width=\u00a0\u00bb2\/3&Prime;][vc_custom_heading text=\u00a0\u00bbBienvenue chez notre P\u00e2tisserie\u00a0\u00bb font_container=\u00a0\u00bbtag:h6|font_size:30|text_align:left|color:%23d8a4af|line_height:2&Prime; google_fonts=\u00a0\u00bbfont_family:Cinzel%3Aregular%2C700%2C900|font_style:400%20regular%3A400%3Anormal\u00a0\u00bb][vc_column_text] Votre \u00e9v\u00e8nement n\u00e9cessite un petit je-ne-sais-quoi suppl\u00e9mentaire? Ne cherchez plus! Dolci Piu vous propose un vaste \u00e9ventail de d\u00e9licieuses options qui sauront compl\u00e9menter toute occasion. Les chefs p\u00e2tissiers de Dolci Piu prennent le plus grand plaisir \u00e0 vous offrir d\u2019all\u00e9chants desserts de la plus haute qualit\u00e9, faits [&hellip;]","og_url":"https:\/\/dolcipiu.ca\/fr\/patisserie\/","og_site_name":"Patisserie Dolci Piu","article_publisher":"https:\/\/www.facebook.com\/dolcipiu","article_modified_time":"2024-07-13T19:08:35+00:00","og_image":[{"width":2000,"height":625,"url":"https:\/\/dolcipiu.ca\/wp-content\/uploads\/2014\/12\/dolci-piu-macarons-wedding-cakes-roses-teacup-22.jpg","type":"image\/jpeg"}],"twitter_card":"summary_large_image","twitter_misc":{"Dur\u00e9e de lecture estim\u00e9e":"2 minutes"},"schema":{"@context":"https:\/\/schema.org","@graph":[{"@type":"WebPage","@id":"https:\/\/dolcipiu.ca\/fr\/patisserie\/","url":"https:\/\/dolcipiu.ca\/fr\/patisserie\/","name":"P\u00e2tisserie - Patisserie Dolci Piu","isPartOf":{"@id":"https:\/\/dolcipiu.ca\/#website"},"primaryImageOfPage":{"@id":"https:\/\/dolcipiu.ca\/fr\/patisserie\/#primaryimage"},"image":{"@id":"https:\/\/dolcipiu.ca\/fr\/patisserie\/#primaryimage"},"thumbnailUrl":"https:\/\/dolcipiu.ca\/wp-content\/uploads\/2014\/12\/dolci-piu-macarons-wedding-cakes-roses-teacup-22.jpg","datePublished":"2015-03-11T21:27:04+00:00","dateModified":"2024-07-13T19:08:35+00:00","breadcrumb":{"@id":"https:\/\/dolcipiu.ca\/fr\/patisserie\/#breadcrumb"},"inLanguage":"fr-FR","potentialAction":[{"@type":"ReadAction","target":["https:\/\/dolcipiu.ca\/fr\/patisserie\/"]}]},{"@type":"ImageObject","inLanguage":"fr-FR","@id":"https:\/\/dolcipiu.ca\/fr\/patisserie\/#primaryimage","url":"https:\/\/dolcipiu.ca\/wp-content\/uploads\/2014\/12\/dolci-piu-macarons-wedding-cakes-roses-teacup-22.jpg","contentUrl":"https:\/\/dolcipiu.ca\/wp-content\/uploads\/2014\/12\/dolci-piu-macarons-wedding-cakes-roses-teacup-22.jpg","width":2000,"height":625},{"@type":"BreadcrumbList","@id":"https:\/\/dolcipiu.ca\/fr\/patisserie\/#breadcrumb","itemListElement":[{"@type":"ListItem","position":1,"name":"Home","item":"https:\/\/dolcipiu.ca\/fr\/"},{"@type":"ListItem","position":2,"name":"P\u00e2tisserie"}]},{"@type":"WebSite","@id":"https:\/\/dolcipiu.ca\/#website","url":"https:\/\/dolcipiu.ca\/","name":"Patisserie Dolci Piu","description":"Montreal&#039;s Best Wedding Cakes | Delicious Custom Cakes | Cafe-Bistro | Catering | Bakery","publisher":{"@id":"https:\/\/dolcipiu.ca\/#organization"},"potentialAction":[{"@type":"SearchAction","target":{"@type":"EntryPoint","urlTemplate":"https:\/\/dolcipiu.ca\/?s={search_term_string}"},"query-input":{"@type":"PropertyValueSpecification","valueRequired":true,"valueName":"search_term_string"}}],"inLanguage":"fr-FR"},{"@type":"Organization","@id":"https:\/\/dolcipiu.ca\/#organization","name":"Dolci Piu","url":"https:\/\/dolcipiu.ca\/","logo":{"@type":"ImageObject","inLanguage":"fr-FR","@id":"https:\/\/dolcipiu.ca\/#\/schema\/logo\/image\/","url":"https:\/\/dolcipiu.ca\/wp-content\/uploads\/2014\/12\/Dolci-Piu-Website-Logo-2.png","contentUrl":"https:\/\/dolcipiu.ca\/wp-content\/uploads\/2014\/12\/Dolci-Piu-Website-Logo-2.png","width":360,"height":217,"caption":"Dolci Piu"},"image":{"@id":"https:\/\/dolcipiu.ca\/#\/schema\/logo\/image\/"},"sameAs":["https:\/\/www.facebook.com\/dolcipiu","https:\/\/www.instagram.com\/dolcipiu\/"]}]}},"_links":{"self":[{"href":"https:\/\/dolcipiu.ca\/fr\/wp-json\/wp\/v2\/pages\/1147","targetHints":{"allow":["GET"]}}],"collection":[{"href":"https:\/\/dolcipiu.ca\/fr\/wp-json\/wp\/v2\/pages"}],"about":[{"href":"https:\/\/dolcipiu.ca\/fr\/wp-json\/wp\/v2\/types\/page"}],"author":[{"embeddable":true,"href":"https:\/\/dolcipiu.ca\/fr\/wp-json\/wp\/v2\/users\/1"}],"replies":[{"embeddable":true,"href":"https:\/\/dolcipiu.ca\/fr\/wp-json\/wp\/v2\/comments?post=1147"}],"version-history":[{"count":5,"href":"https:\/\/dolcipiu.ca\/fr\/wp-json\/wp\/v2\/pages\/1147\/revisions"}],"predecessor-version":[{"id":1669,"href":"https:\/\/dolcipiu.ca\/fr\/wp-json\/wp\/v2\/pages\/1147\/revisions\/1669"}],"wp:featuredmedia":[{"embeddable":true,"href":"https:\/\/dolcipiu.ca\/fr\/wp-json\/wp\/v2\/media\/1107"}],"wp:attachment":[{"href":"https:\/\/dolcipiu.ca\/fr\/wp-json\/wp\/v2\/media?parent=1147"}],"curies":[{"name":"wp","href":"https:\/\/api.w.org\/{rel}","templated":true}]}}