{"id":1162,"date":"2015-03-11T17:37:02","date_gmt":"2015-03-11T21:37:02","guid":{"rendered":"http:\/\/dolcipiu.ca\/?page_id=1162"},"modified":"2021-08-12T15:27:45","modified_gmt":"2021-08-12T19:27:45","slug":"a-propos","status":"publish","type":"page","link":"https:\/\/dolcipiu.ca\/fr\/a-propos\/","title":{"rendered":"\u00c0 propos"},"content":{"rendered":"<div class=\"wpb-content-wrapper\"><p>[vc_separator color=\u00a0\u00bbgrey\u00a0\u00bb][vc_row][vc_column width=\u00a0\u00bb1\/1&Prime;][vc_custom_heading text=\u00a0\u00bbBienvenue chez P\u00e2tisserie Dolci Piu\u00a0\u00bb font_container=\u00a0\u00bbtag:h5|font_size:25|text_align:center|color:%23d8a4af|line_height:2&Prime; google_fonts=\u00a0\u00bbfont_family:Cinzel%3Aregular%2C700%2C900|font_style:400%20regular%3A400%3Anormal\u00a0\u00bb][\/vc_column][\/vc_row][vc_row][vc_column width=\u00a0\u00bb1\/6&Prime;][\/vc_column][vc_column width=\u00a0\u00bb2\/3&Prime;][vc_column_text]<\/p>\n<p style=\"text-align: justify;\">Dolci Pi\u00f9 propose un vaste \u00e9ventail de g\u00e2teries toutes plus app\u00e9tissantes les unes que les autres. Que vous ayez envie d\u2019une gourmandise sucr\u00e9e ou soyez \u00e0 la recherche d\u2019un repas sant\u00e9 \u00e0 emporter, Dolci Pi\u00f9 saura combler tous vos d\u00e9sirs!<\/p>\n<p style=\"text-align: justify;\">Notre p\u00e2tisserie rassemble dans un cadre exceptionnel, une \u00e9quipe solidaire d\u2019un perp\u00e9tuel souci du d\u00e9tail, d\u2019un engagement envers l\u2019excellence de son service et, par-dessus tout, d\u2019une passion pour les plaisirs gourmands.<\/p>\n<p style=\"text-align: justify;\">Cofondateur de Dolci Pi\u00f9 et chef-p\u00e2tissier accompli, Robert provient d\u2019une longue lign\u00e9e de p\u00e2tissiers. Avec son \u00e9pouse Patrizia, il a choisi d\u2019explorer une voie diff\u00e9rente de celle des p\u00e2tisseries traditionnelles. En effet, tout en servant de succulentes p\u00e2tisseries, Dolci Pi\u00f9 est aussi un bistro-caf\u00e9 o\u00f9 on retrouve en outre un service de traiteur, des plats \u00e0 emporter, du caf\u00e9, de la glace italienne (gelato) et bien davantage<\/p>\n<p>[\/vc_column_text][\/vc_column][vc_column width=\u00a0\u00bb1\/6&Prime;][vc_single_image image=\u00a0\u00bb1058&Prime; border_color=\u00a0\u00bbgrey\u00a0\u00bb img_link_large=\u00a0\u00bb\u00a0\u00bb img_link_target=\u00a0\u00bb_blank\u00a0\u00bb img_size=\u00a0\u00bb125&#215;125&Prime; link=\u00a0\u00bbhttps:\/\/dolcipiu.ca\/wp-content\/uploads\/2021\/08\/Dolci-Piu-Catering-Menu-French-FINAL-Aug-2021.pdf\u00a0\u00bb css_animation=\u00a0\u00bbappear\u00a0\u00bb][\/vc_column][\/vc_row][vc_row][vc_column width=\u00a0\u00bb1\/3&Prime;][vc_single_image alignment=\u00a0\u00bbcenter\u00a0\u00bb style=\u00a0\u00bbvc_box_rounded\u00a0\u00bb border_color=\u00a0\u00bbgrey\u00a0\u00bb img_link_target=\u00a0\u00bb_self\u00a0\u00bb image=\u00a0\u00bb475&Prime; img_size=\u00a0\u00bbmedium\u00a0\u00bb img_link_large=\u00a0\u00bb\u00a0\u00bb][\/vc_column][vc_column width=\u00a0\u00bb1\/3&Prime;][vc_single_image alignment=\u00a0\u00bbcenter\u00a0\u00bb style=\u00a0\u00bbvc_box_rounded\u00a0\u00bb border_color=\u00a0\u00bbgrey\u00a0\u00bb img_link_target=\u00a0\u00bb_self\u00a0\u00bb image=\u00a0\u00bb375&Prime; img_size=\u00a0\u00bbmedium\u00a0\u00bb img_link_large=\u00a0\u00bb\u00a0\u00bb][\/vc_column][vc_column width=\u00a0\u00bb1\/3&Prime;][vc_single_image alignment=\u00a0\u00bbcenter\u00a0\u00bb style=\u00a0\u00bbvc_box_rounded\u00a0\u00bb border_color=\u00a0\u00bbgrey\u00a0\u00bb img_link_target=\u00a0\u00bb_self\u00a0\u00bb image=\u00a0\u00bb473&Prime; img_size=\u00a0\u00bbmedium\u00a0\u00bb img_link_large=\u00a0\u00bb\u00a0\u00bb][\/vc_column][\/vc_row]<\/p>\n<\/div>","protected":false},"excerpt":{"rendered":"<p>[vc_separator color=\u00a0\u00bbgrey\u00a0\u00bb][vc_row][vc_column width=\u00a0\u00bb1\/1&Prime;][vc_custom_heading text=\u00a0\u00bbBienvenue chez P\u00e2tisserie Dolci Piu\u00a0\u00bb font_container=\u00a0\u00bbtag:h5|font_size:25|text_align:center|color:%23d8a4af|line_height:2&Prime; google_fonts=\u00a0\u00bbfont_family:Cinzel%3Aregular%2C700%2C900|font_style:400%20regular%3A400%3Anormal\u00a0\u00bb][\/vc_column][\/vc_row][vc_row][vc_column width=\u00a0\u00bb1\/6&Prime;][\/vc_column][vc_column width=\u00a0\u00bb2\/3&Prime;][vc_column_text] Dolci Pi\u00f9 propose un vaste \u00e9ventail de g\u00e2teries toutes plus app\u00e9tissantes les unes que les autres. Que vous ayez envie d\u2019une gourmandise sucr\u00e9e ou soyez \u00e0 la recherche d\u2019un repas sant\u00e9 \u00e0 emporter, Dolci Pi\u00f9 saura combler tous vos d\u00e9sirs! Notre p\u00e2tisserie rassemble [&hellip;]<\/p>\n","protected":false},"author":1,"featured_media":1036,"parent":0,"menu_order":0,"comment_status":"open","ping_status":"open","template":"","meta":{"om_disable_all_campaigns":false,"_monsterinsights_skip_tracking":false,"_monsterinsights_sitenote_active":false,"_monsterinsights_sitenote_note":"","_monsterinsights_sitenote_category":0,"ngg_post_thumbnail":0,"footnotes":""},"class_list":["post-1162","page","type-page","status-publish","has-post-thumbnail","hentry"],"yoast_head":"<!-- This site is optimized with the Yoast SEO plugin v27.4 - https:\/\/yoast.com\/product\/yoast-seo-wordpress\/ -->\n<title>\u00c0 propos - Patisserie Dolci Piu<\/title>\n<meta name=\"robots\" content=\"index, follow, max-snippet:-1, max-image-preview:large, max-video-preview:-1\" \/>\n<link rel=\"canonical\" href=\"https:\/\/dolcipiu.ca\/about-us\/\" \/>\n<meta property=\"og:locale\" content=\"fr_FR\" \/>\n<meta property=\"og:type\" content=\"article\" \/>\n<meta property=\"og:title\" content=\"\u00c0 propos - Patisserie Dolci Piu\" \/>\n<meta property=\"og:description\" content=\"[vc_separator color=\u00a0\u00bbgrey\u00a0\u00bb][vc_row][vc_column width=\u00a0\u00bb1\/1&Prime;][vc_custom_heading text=\u00a0\u00bbBienvenue chez P\u00e2tisserie Dolci Piu\u00a0\u00bb font_container=\u00a0\u00bbtag:h5|font_size:25|text_align:center|color:%23d8a4af|line_height:2&Prime; google_fonts=\u00a0\u00bbfont_family:Cinzel%3Aregular%2C700%2C900|font_style:400%20regular%3A400%3Anormal\u00a0\u00bb][\/vc_column][\/vc_row][vc_row][vc_column width=\u00a0\u00bb1\/6&Prime;][\/vc_column][vc_column width=\u00a0\u00bb2\/3&Prime;][vc_column_text] Dolci Pi\u00f9 propose un vaste \u00e9ventail de g\u00e2teries toutes plus app\u00e9tissantes les unes que les autres. Que vous ayez envie d\u2019une gourmandise sucr\u00e9e ou soyez \u00e0 la recherche d\u2019un repas sant\u00e9 \u00e0 emporter, Dolci Pi\u00f9 saura combler tous vos d\u00e9sirs! Notre p\u00e2tisserie rassemble [&hellip;]\" \/>\n<meta property=\"og:url\" content=\"https:\/\/dolcipiu.ca\/about-us\/\" \/>\n<meta property=\"og:site_name\" content=\"Patisserie Dolci Piu\" \/>\n<meta property=\"article:publisher\" content=\"https:\/\/www.facebook.com\/dolcipiu\" \/>\n<meta property=\"article:modified_time\" content=\"2021-08-12T19:27:45+00:00\" \/>\n<meta property=\"og:image\" content=\"https:\/\/dolcipiu.ca\/wp-content\/uploads\/2015\/01\/dolci-piu-cupcakes-wedding-cakes-roses-floral-theme.jpg\" \/>\n\t<meta property=\"og:image:width\" content=\"2000\" \/>\n\t<meta property=\"og:image:height\" content=\"625\" \/>\n\t<meta property=\"og:image:type\" content=\"image\/jpeg\" \/>\n<meta name=\"twitter:card\" content=\"summary_large_image\" \/>\n<meta name=\"twitter:label1\" content=\"Dur\u00e9e de lecture estim\u00e9e\" \/>\n\t<meta name=\"twitter:data1\" content=\"2 minutes\" \/>\n<script type=\"application\/ld+json\" class=\"yoast-schema-graph\">{\"@context\":\"https:\\\/\\\/schema.org\",\"@graph\":[{\"@type\":\"WebPage\",\"@id\":\"https:\\\/\\\/dolcipiu.ca\\\/about-us\\\/\",\"url\":\"https:\\\/\\\/dolcipiu.ca\\\/about-us\\\/\",\"name\":\"\u00c0 propos - Patisserie Dolci Piu\",\"isPartOf\":{\"@id\":\"https:\\\/\\\/dolcipiu.ca\\\/#website\"},\"primaryImageOfPage\":{\"@id\":\"https:\\\/\\\/dolcipiu.ca\\\/about-us\\\/#primaryimage\"},\"image\":{\"@id\":\"https:\\\/\\\/dolcipiu.ca\\\/about-us\\\/#primaryimage\"},\"thumbnailUrl\":\"https:\\\/\\\/dolcipiu.ca\\\/wp-content\\\/uploads\\\/2015\\\/01\\\/dolci-piu-cupcakes-wedding-cakes-roses-floral-theme.jpg\",\"datePublished\":\"2015-03-11T21:37:02+00:00\",\"dateModified\":\"2021-08-12T19:27:45+00:00\",\"breadcrumb\":{\"@id\":\"https:\\\/\\\/dolcipiu.ca\\\/about-us\\\/#breadcrumb\"},\"inLanguage\":\"fr-FR\",\"potentialAction\":[{\"@type\":\"ReadAction\",\"target\":[\"https:\\\/\\\/dolcipiu.ca\\\/about-us\\\/\"]}]},{\"@type\":\"ImageObject\",\"inLanguage\":\"fr-FR\",\"@id\":\"https:\\\/\\\/dolcipiu.ca\\\/about-us\\\/#primaryimage\",\"url\":\"https:\\\/\\\/dolcipiu.ca\\\/wp-content\\\/uploads\\\/2015\\\/01\\\/dolci-piu-cupcakes-wedding-cakes-roses-floral-theme.jpg\",\"contentUrl\":\"https:\\\/\\\/dolcipiu.ca\\\/wp-content\\\/uploads\\\/2015\\\/01\\\/dolci-piu-cupcakes-wedding-cakes-roses-floral-theme.jpg\",\"width\":2000,\"height\":625},{\"@type\":\"BreadcrumbList\",\"@id\":\"https:\\\/\\\/dolcipiu.ca\\\/about-us\\\/#breadcrumb\",\"itemListElement\":[{\"@type\":\"ListItem\",\"position\":1,\"name\":\"Home\",\"item\":\"https:\\\/\\\/dolcipiu.ca\\\/fr\\\/\"},{\"@type\":\"ListItem\",\"position\":2,\"name\":\"\u00c0 propos\"}]},{\"@type\":\"WebSite\",\"@id\":\"https:\\\/\\\/dolcipiu.ca\\\/#website\",\"url\":\"https:\\\/\\\/dolcipiu.ca\\\/\",\"name\":\"Patisserie Dolci Piu\",\"description\":\"Montreal&#039;s Best Wedding Cakes | Delicious Custom Cakes | Cafe-Bistro | Catering | Bakery\",\"publisher\":{\"@id\":\"https:\\\/\\\/dolcipiu.ca\\\/#organization\"},\"potentialAction\":[{\"@type\":\"SearchAction\",\"target\":{\"@type\":\"EntryPoint\",\"urlTemplate\":\"https:\\\/\\\/dolcipiu.ca\\\/?s={search_term_string}\"},\"query-input\":{\"@type\":\"PropertyValueSpecification\",\"valueRequired\":true,\"valueName\":\"search_term_string\"}}],\"inLanguage\":\"fr-FR\"},{\"@type\":\"Organization\",\"@id\":\"https:\\\/\\\/dolcipiu.ca\\\/#organization\",\"name\":\"Dolci Piu\",\"url\":\"https:\\\/\\\/dolcipiu.ca\\\/\",\"logo\":{\"@type\":\"ImageObject\",\"inLanguage\":\"fr-FR\",\"@id\":\"https:\\\/\\\/dolcipiu.ca\\\/#\\\/schema\\\/logo\\\/image\\\/\",\"url\":\"https:\\\/\\\/dolcipiu.ca\\\/wp-content\\\/uploads\\\/2014\\\/12\\\/Dolci-Piu-Website-Logo-2.png\",\"contentUrl\":\"https:\\\/\\\/dolcipiu.ca\\\/wp-content\\\/uploads\\\/2014\\\/12\\\/Dolci-Piu-Website-Logo-2.png\",\"width\":360,\"height\":217,\"caption\":\"Dolci Piu\"},\"image\":{\"@id\":\"https:\\\/\\\/dolcipiu.ca\\\/#\\\/schema\\\/logo\\\/image\\\/\"},\"sameAs\":[\"https:\\\/\\\/www.facebook.com\\\/dolcipiu\",\"https:\\\/\\\/www.instagram.com\\\/dolcipiu\\\/\"]}]}<\/script>\n<!-- \/ Yoast SEO plugin. -->","yoast_head_json":{"title":"\u00c0 propos - Patisserie Dolci Piu","robots":{"index":"index","follow":"follow","max-snippet":"max-snippet:-1","max-image-preview":"max-image-preview:large","max-video-preview":"max-video-preview:-1"},"canonical":"https:\/\/dolcipiu.ca\/about-us\/","og_locale":"fr_FR","og_type":"article","og_title":"\u00c0 propos - Patisserie Dolci Piu","og_description":"[vc_separator color=\u00a0\u00bbgrey\u00a0\u00bb][vc_row][vc_column width=\u00a0\u00bb1\/1&Prime;][vc_custom_heading text=\u00a0\u00bbBienvenue chez P\u00e2tisserie Dolci Piu\u00a0\u00bb font_container=\u00a0\u00bbtag:h5|font_size:25|text_align:center|color:%23d8a4af|line_height:2&Prime; google_fonts=\u00a0\u00bbfont_family:Cinzel%3Aregular%2C700%2C900|font_style:400%20regular%3A400%3Anormal\u00a0\u00bb][\/vc_column][\/vc_row][vc_row][vc_column width=\u00a0\u00bb1\/6&Prime;][\/vc_column][vc_column width=\u00a0\u00bb2\/3&Prime;][vc_column_text] Dolci Pi\u00f9 propose un vaste \u00e9ventail de g\u00e2teries toutes plus app\u00e9tissantes les unes que les autres. Que vous ayez envie d\u2019une gourmandise sucr\u00e9e ou soyez \u00e0 la recherche d\u2019un repas sant\u00e9 \u00e0 emporter, Dolci Pi\u00f9 saura combler tous vos d\u00e9sirs! Notre p\u00e2tisserie rassemble [&hellip;]","og_url":"https:\/\/dolcipiu.ca\/about-us\/","og_site_name":"Patisserie Dolci Piu","article_publisher":"https:\/\/www.facebook.com\/dolcipiu","article_modified_time":"2021-08-12T19:27:45+00:00","og_image":[{"width":2000,"height":625,"url":"https:\/\/dolcipiu.ca\/wp-content\/uploads\/2015\/01\/dolci-piu-cupcakes-wedding-cakes-roses-floral-theme.jpg","type":"image\/jpeg"}],"twitter_card":"summary_large_image","twitter_misc":{"Dur\u00e9e de lecture estim\u00e9e":"2 minutes"},"schema":{"@context":"https:\/\/schema.org","@graph":[{"@type":"WebPage","@id":"https:\/\/dolcipiu.ca\/about-us\/","url":"https:\/\/dolcipiu.ca\/about-us\/","name":"\u00c0 propos - Patisserie Dolci Piu","isPartOf":{"@id":"https:\/\/dolcipiu.ca\/#website"},"primaryImageOfPage":{"@id":"https:\/\/dolcipiu.ca\/about-us\/#primaryimage"},"image":{"@id":"https:\/\/dolcipiu.ca\/about-us\/#primaryimage"},"thumbnailUrl":"https:\/\/dolcipiu.ca\/wp-content\/uploads\/2015\/01\/dolci-piu-cupcakes-wedding-cakes-roses-floral-theme.jpg","datePublished":"2015-03-11T21:37:02+00:00","dateModified":"2021-08-12T19:27:45+00:00","breadcrumb":{"@id":"https:\/\/dolcipiu.ca\/about-us\/#breadcrumb"},"inLanguage":"fr-FR","potentialAction":[{"@type":"ReadAction","target":["https:\/\/dolcipiu.ca\/about-us\/"]}]},{"@type":"ImageObject","inLanguage":"fr-FR","@id":"https:\/\/dolcipiu.ca\/about-us\/#primaryimage","url":"https:\/\/dolcipiu.ca\/wp-content\/uploads\/2015\/01\/dolci-piu-cupcakes-wedding-cakes-roses-floral-theme.jpg","contentUrl":"https:\/\/dolcipiu.ca\/wp-content\/uploads\/2015\/01\/dolci-piu-cupcakes-wedding-cakes-roses-floral-theme.jpg","width":2000,"height":625},{"@type":"BreadcrumbList","@id":"https:\/\/dolcipiu.ca\/about-us\/#breadcrumb","itemListElement":[{"@type":"ListItem","position":1,"name":"Home","item":"https:\/\/dolcipiu.ca\/fr\/"},{"@type":"ListItem","position":2,"name":"\u00c0 propos"}]},{"@type":"WebSite","@id":"https:\/\/dolcipiu.ca\/#website","url":"https:\/\/dolcipiu.ca\/","name":"Patisserie Dolci Piu","description":"Montreal&#039;s Best Wedding Cakes | Delicious Custom Cakes | Cafe-Bistro | Catering | Bakery","publisher":{"@id":"https:\/\/dolcipiu.ca\/#organization"},"potentialAction":[{"@type":"SearchAction","target":{"@type":"EntryPoint","urlTemplate":"https:\/\/dolcipiu.ca\/?s={search_term_string}"},"query-input":{"@type":"PropertyValueSpecification","valueRequired":true,"valueName":"search_term_string"}}],"inLanguage":"fr-FR"},{"@type":"Organization","@id":"https:\/\/dolcipiu.ca\/#organization","name":"Dolci Piu","url":"https:\/\/dolcipiu.ca\/","logo":{"@type":"ImageObject","inLanguage":"fr-FR","@id":"https:\/\/dolcipiu.ca\/#\/schema\/logo\/image\/","url":"https:\/\/dolcipiu.ca\/wp-content\/uploads\/2014\/12\/Dolci-Piu-Website-Logo-2.png","contentUrl":"https:\/\/dolcipiu.ca\/wp-content\/uploads\/2014\/12\/Dolci-Piu-Website-Logo-2.png","width":360,"height":217,"caption":"Dolci Piu"},"image":{"@id":"https:\/\/dolcipiu.ca\/#\/schema\/logo\/image\/"},"sameAs":["https:\/\/www.facebook.com\/dolcipiu","https:\/\/www.instagram.com\/dolcipiu\/"]}]}},"_links":{"self":[{"href":"https:\/\/dolcipiu.ca\/fr\/wp-json\/wp\/v2\/pages\/1162","targetHints":{"allow":["GET"]}}],"collection":[{"href":"https:\/\/dolcipiu.ca\/fr\/wp-json\/wp\/v2\/pages"}],"about":[{"href":"https:\/\/dolcipiu.ca\/fr\/wp-json\/wp\/v2\/types\/page"}],"author":[{"embeddable":true,"href":"https:\/\/dolcipiu.ca\/fr\/wp-json\/wp\/v2\/users\/1"}],"replies":[{"embeddable":true,"href":"https:\/\/dolcipiu.ca\/fr\/wp-json\/wp\/v2\/comments?post=1162"}],"version-history":[{"count":4,"href":"https:\/\/dolcipiu.ca\/fr\/wp-json\/wp\/v2\/pages\/1162\/revisions"}],"predecessor-version":[{"id":1608,"href":"https:\/\/dolcipiu.ca\/fr\/wp-json\/wp\/v2\/pages\/1162\/revisions\/1608"}],"wp:featuredmedia":[{"embeddable":true,"href":"https:\/\/dolcipiu.ca\/fr\/wp-json\/wp\/v2\/media\/1036"}],"wp:attachment":[{"href":"https:\/\/dolcipiu.ca\/fr\/wp-json\/wp\/v2\/media?parent=1162"}],"curies":[{"name":"wp","href":"https:\/\/api.w.org\/{rel}","templated":true}]}}