{"id":1164,"date":"2015-03-11T17:38:07","date_gmt":"2015-03-11T21:38:07","guid":{"rendered":"http:\/\/dolcipiu.ca\/?page_id=1164"},"modified":"2015-03-12T16:37:54","modified_gmt":"2015-03-12T20:37:54","slug":"gateaux-personnalises","status":"publish","type":"page","link":"https:\/\/dolcipiu.ca\/fr\/gateaux-personnalises\/","title":{"rendered":"G\u00e2teaux Personnalis\u00e9s"},"content":{"rendered":"<div class=\"wpb-content-wrapper\"><p>[vc_row][vc_column width=\u00a0\u00bb2\/3&Prime;][vc_custom_heading text=\u00a0\u00bbG\u00e2teaux Personnalis\u00e9s\u00a0\u00bb font_container=\u00a0\u00bbtag:h5|font_size:25|text_align:left|color:%23d8a4af|line_height:2&Prime; google_fonts=\u00a0\u00bbfont_family:Cinzel%3Aregular%2C700%2C900|font_style:400%20regular%3A400%3Anormal\u00a0\u00bb][ultimate_spacer height=\u00a0\u00bb10&Prime;][vc_column_text]<\/p>\n<p style=\"text-align: justify;\">Confiez \u00e0 nos chefs-p\u00e2tissiers chevronn\u00e9s le soin de cr\u00e9er le g\u00e2teau de vos r\u00eaves ou choisissez-en un parmi nos conceptions exclusives. Notre \u00e9quipe cr\u00e9ative saura r\u00e9aliser la pi\u00e8ce parfaite personnalis\u00e9e \u00e0 l\u2019occasion sp\u00e9ciale que vous c\u00e9l\u00e9brez, et dont vos invit\u00e9s se souviendront longtemps.<\/p>\n<p style=\"text-align: justify;\">Faites votre choix parmi notre assortiment de saveurs comme Chocolat intense et framboises, Cr\u00e8me l\u00e9g\u00e8re \u00e0 la vanille et petits fruits frais, Citron-pavot, Caf\u00e9, Carotte, Grand Marnier, Noisettes et praline et plus encore\u2026 Dolci Pi\u00f9 offre \u00e9galement des services-conseils gratuits\u00a0: Patrizia se fera un plaisir de vous rencontrer afin de cerner vos besoins pr\u00e9cis en p\u00e2tisserie. Vous pourrez go\u00fbter quelques-unes de nos saveurs et garnitures les plus en demande, parcourir notre portfolio et examiner nos pr\u00e9sentoirs.<\/p>\n<p style=\"text-align: justify;\"><em>Le prix d\u2019un g\u00e2teau varie selon sa d\u00e9coration. Veuillez passer votre commande au moins 7 jours d\u2019avance afin d\u2019assurer notre disponibilit\u00e9, tout particuli\u00e8rement lors de nos saisons d\u2019achalandage.<\/em><\/p>\n<p>[\/vc_column_text][\/vc_column][vc_column width=\u00a0\u00bb1\/3&Prime;][ultimate_spacer height=\u00a0\u00bb20&Prime;][vc_single_image image=\u00a0\u00bb936&Prime; border_color=\u00a0\u00bbgrey\u00a0\u00bb img_link_large=\u00a0\u00bb\u00a0\u00bb img_link_target=\u00a0\u00bb_self\u00a0\u00bb img_size=\u00a0\u00bb150&#215;250&Prime; alignment=\u00a0\u00bbcenter\u00a0\u00bb][\/vc_column][\/vc_row][vc_row][vc_column width=\u00a0\u00bb1\/1&Prime;][vc_empty_space height=\u00a0\u00bb1px\u00a0\u00bb][\/vc_column][\/vc_row][vc_row][vc_column width=\u00a0\u00bb1\/3&Prime;][vc_single_image border_color=\u00a0\u00bbwhite\u00a0\u00bb img_link_target=\u00a0\u00bb_self\u00a0\u00bb title=\u00a0\u00bbG\u00e2teaux de Mariage\u00a0\u00bb image=\u00a0\u00bb800&Prime; img_size=\u00a0\u00bbmedium\u00a0\u00bb alignment=\u00a0\u00bbcenter\u00a0\u00bb style=\u00a0\u00bbvc_box_outline\u00a0\u00bb link=\u00a0\u00bbhttp:\/\/dolcipiu.ca\/fr\/gateaux-personnalises\/gateaux-de-mariage\/\u00a0\u00bb img_link_large=\u00a0\u00bb\u00a0\u00bb][vc_column_text]<\/p>\n<p style=\"text-align: justify;\">Que vous fassiez de votre g\u00e2teau votre dessert principal ou encore une pi\u00e8ce d\u00e9corative pour orner votre table, nous vous offrirons un g\u00e2teau sur mesure, \u00e0 la hauteur de vos attentes pour votre grand jour.<\/p>\n<p>[\/vc_column_text][\/vc_column][vc_column width=\u00a0\u00bb1\/3&Prime;][vc_single_image border_color=\u00a0\u00bbwhite\u00a0\u00bb img_link_target=\u00a0\u00bb_self\u00a0\u00bb title=\u00a0\u00bbShowers de Mariage\u00a0\u00bb image=\u00a0\u00bb792&Prime; img_size=\u00a0\u00bbmedium\u00a0\u00bb alignment=\u00a0\u00bbcenter\u00a0\u00bb style=\u00a0\u00bbvc_box_outline\u00a0\u00bb link=\u00a0\u00bbhttp:\/\/dolcipiu.ca\/fr\/gateaux-personnalises\/showers-de-mariage\/\u00a0\u00bb img_link_large=\u00a0\u00bb\u00a0\u00bb][vc_column_text]<\/p>\n<p style=\"text-align: justify;\">Offrez-vous (et \u00e0 vos invit\u00e9s aussi) l\u2019un de nos d\u00e9lectables g\u00e2teaux avant la venue du grand jour!<\/p>\n<p>[\/vc_column_text][\/vc_column][vc_column width=\u00a0\u00bb1\/3&Prime;][vc_single_image border_color=\u00a0\u00bbwhite\u00a0\u00bb img_link_target=\u00a0\u00bb_self\u00a0\u00bb title=\u00a0\u00bbG\u00e2teaux pour F\u00eates Religieuses\u00a0\u00bb image=\u00a0\u00bb795&Prime; img_size=\u00a0\u00bbmedium\u00a0\u00bb alignment=\u00a0\u00bbcenter\u00a0\u00bb style=\u00a0\u00bbvc_box_outline\u00a0\u00bb link=\u00a0\u00bbhttp:\/\/dolcipiu.ca\/fr\/gateaux-personnalises\/fetes-denfants\/\u00a0\u00bb img_link_large=\u00a0\u00bb\u00a0\u00bb][vc_column_text]<\/p>\n<p style=\"text-align: justify;\">Qu\u2019il s\u2019agisse de souligner un bapt\u00eame, une premi\u00e8re communion, une confirmation ou autre, nous serons ravis de vous aider \u00e0 personnaliser la c\u00e9l\u00e9bration de votre f\u00eate religieuse.<\/p>\n<p>[\/vc_column_text][\/vc_column][\/vc_row][vc_row][vc_column width=\u00a0\u00bb1\/1&Prime;][vc_empty_space height=\u00a0\u00bb1px\u00a0\u00bb][\/vc_column][\/vc_row][vc_row][vc_column width=\u00a0\u00bb1\/3&Prime;][vc_single_image border_color=\u00a0\u00bbwhite\u00a0\u00bb img_link_target=\u00a0\u00bb_self\u00a0\u00bb title=\u00a0\u00bbShowers pour B\u00e9b\u00e9\u00a0\u00bb image=\u00a0\u00bb798&Prime; img_size=\u00a0\u00bbmedium\u00a0\u00bb alignment=\u00a0\u00bbcenter\u00a0\u00bb style=\u00a0\u00bbvc_box_outline\u00a0\u00bb link=\u00a0\u00bbhttp:\/\/dolcipiu.ca\/fr\/gateaux-personnalises\/showers-pour-bebe\/\u00a0\u00bb img_link_large=\u00a0\u00bb\u00a0\u00bb][vc_column_text]<\/p>\n<p style=\"text-align: justify;\">Nous sommes toujours ravis de pr\u00e9parer un g\u00e2teau pour souligner l\u2019arriv\u00e9e prochaine de votre nouveau petit \u00eatre cher!<\/p>\n<p>[\/vc_column_text][\/vc_column][vc_column width=\u00a0\u00bb1\/3&Prime;][vc_single_image border_color=\u00a0\u00bbwhite\u00a0\u00bb img_link_target=\u00a0\u00bb_self\u00a0\u00bb title=\u00a0\u00bbOccasions Sp\u00e9ciales\u00a0\u00bb image=\u00a0\u00bb953&Prime; img_size=\u00a0\u00bbmedium\u00a0\u00bb alignment=\u00a0\u00bbcenter\u00a0\u00bb style=\u00a0\u00bbvc_box_outline\u00a0\u00bb link=\u00a0\u00bbhttp:\/\/dolcipiu.ca\/fr\/gateaux-personnalises\/occasions-speciales\/\u00a0\u00bb img_link_large=\u00a0\u00bb\u00a0\u00bb][vc_column_text]<\/p>\n<p style=\"text-align: justify;\">Des anniversaires aux remises de dipl\u00f4me, en passant par les anniversaires de mariage, nos g\u00e2teaux feront de chaque \u00e9v\u00e8nement un v\u00e9ritable succ\u00e8s!<\/p>\n<p>[\/vc_column_text][\/vc_column][vc_column width=\u00a0\u00bb1\/3&Prime;][vc_single_image border_color=\u00a0\u00bbwhite\u00a0\u00bb img_link_target=\u00a0\u00bb_self\u00a0\u00bb title=\u00a0\u00bbF\u00eates d\u2019enfants\u00a0\u00bb image=\u00a0\u00bb804&Prime; img_size=\u00a0\u00bbmedium\u00a0\u00bb alignment=\u00a0\u00bbcenter\u00a0\u00bb style=\u00a0\u00bbvc_box_outline\u00a0\u00bb link=\u00a0\u00bbhttp:\/\/dolcipiu.ca\/cakes\/childrens\/\u00a0\u00bb img_link_large=\u00a0\u00bb\u00a0\u00bb][vc_column_text]<\/p>\n<p style=\"text-align: justify;\">Nous pouvons vous aider \u00e0 faire de l\u2019anniversaire de votre enfant une f\u00eate des plus m\u00e9morables en nous inspirant de tout th\u00e8me et toute palette de couleurs.<\/p>\n<p>[\/vc_column_text][\/vc_column][\/vc_row]<\/p>\n<\/div>","protected":false},"excerpt":{"rendered":"<p>[vc_row][vc_column width=\u00a0\u00bb2\/3&Prime;][vc_custom_heading text=\u00a0\u00bbG\u00e2teaux Personnalis\u00e9s\u00a0\u00bb font_container=\u00a0\u00bbtag:h5|font_size:25|text_align:left|color:%23d8a4af|line_height:2&Prime; google_fonts=\u00a0\u00bbfont_family:Cinzel%3Aregular%2C700%2C900|font_style:400%20regular%3A400%3Anormal\u00a0\u00bb][ultimate_spacer height=\u00a0\u00bb10&Prime;][vc_column_text] Confiez \u00e0 nos chefs-p\u00e2tissiers chevronn\u00e9s le soin de cr\u00e9er le g\u00e2teau de vos r\u00eaves ou choisissez-en un parmi nos conceptions exclusives. Notre \u00e9quipe cr\u00e9ative saura r\u00e9aliser la pi\u00e8ce parfaite personnalis\u00e9e \u00e0 l\u2019occasion sp\u00e9ciale que vous c\u00e9l\u00e9brez, et dont vos invit\u00e9s se souviendront longtemps. Faites votre choix parmi notre [&hellip;]<\/p>\n","protected":false},"author":1,"featured_media":867,"parent":0,"menu_order":1,"comment_status":"open","ping_status":"open","template":"","meta":{"om_disable_all_campaigns":false,"_monsterinsights_skip_tracking":false,"_monsterinsights_sitenote_active":false,"_monsterinsights_sitenote_note":"","_monsterinsights_sitenote_category":0,"ngg_post_thumbnail":0,"footnotes":""},"class_list":["post-1164","page","type-page","status-publish","has-post-thumbnail","hentry"],"yoast_head":"<!-- This site is optimized with the Yoast SEO plugin v27.4 - https:\/\/yoast.com\/product\/yoast-seo-wordpress\/ -->\n<title>G\u00e2teaux Personnalis\u00e9s - Patisserie Dolci Piu<\/title>\n<meta name=\"robots\" content=\"index, follow, max-snippet:-1, max-image-preview:large, max-video-preview:-1\" \/>\n<link rel=\"canonical\" href=\"https:\/\/dolcipiu.ca\/fr\/gateaux-personnalises\/\" \/>\n<meta property=\"og:locale\" content=\"fr_FR\" \/>\n<meta property=\"og:type\" content=\"article\" \/>\n<meta property=\"og:title\" content=\"G\u00e2teaux Personnalis\u00e9s - Patisserie Dolci Piu\" \/>\n<meta property=\"og:description\" content=\"[vc_row][vc_column width=\u00a0\u00bb2\/3&Prime;][vc_custom_heading text=\u00a0\u00bbG\u00e2teaux Personnalis\u00e9s\u00a0\u00bb font_container=\u00a0\u00bbtag:h5|font_size:25|text_align:left|color:%23d8a4af|line_height:2&Prime; google_fonts=\u00a0\u00bbfont_family:Cinzel%3Aregular%2C700%2C900|font_style:400%20regular%3A400%3Anormal\u00a0\u00bb][ultimate_spacer height=\u00a0\u00bb10&Prime;][vc_column_text] Confiez \u00e0 nos chefs-p\u00e2tissiers chevronn\u00e9s le soin de cr\u00e9er le g\u00e2teau de vos r\u00eaves ou choisissez-en un parmi nos conceptions exclusives. Notre \u00e9quipe cr\u00e9ative saura r\u00e9aliser la pi\u00e8ce parfaite personnalis\u00e9e \u00e0 l\u2019occasion sp\u00e9ciale que vous c\u00e9l\u00e9brez, et dont vos invit\u00e9s se souviendront longtemps. Faites votre choix parmi notre [&hellip;]\" \/>\n<meta property=\"og:url\" content=\"https:\/\/dolcipiu.ca\/fr\/gateaux-personnalises\/\" \/>\n<meta property=\"og:site_name\" content=\"Patisserie Dolci Piu\" \/>\n<meta property=\"article:publisher\" content=\"https:\/\/www.facebook.com\/dolcipiu\" \/>\n<meta property=\"article:modified_time\" content=\"2015-03-12T20:37:54+00:00\" \/>\n<meta property=\"og:image\" content=\"https:\/\/dolcipiu.ca\/wp-content\/uploads\/2012\/10\/Dolci_Piu_wedding_cake_Main-3-1140x300.jpg\" \/>\n\t<meta property=\"og:image:width\" content=\"1140\" \/>\n\t<meta property=\"og:image:height\" content=\"300\" \/>\n\t<meta property=\"og:image:type\" content=\"image\/jpeg\" \/>\n<meta name=\"twitter:card\" content=\"summary_large_image\" \/>\n<meta name=\"twitter:label1\" content=\"Dur\u00e9e de lecture estim\u00e9e\" \/>\n\t<meta name=\"twitter:data1\" content=\"4 minutes\" \/>\n<script type=\"application\/ld+json\" class=\"yoast-schema-graph\">{\"@context\":\"https:\\\/\\\/schema.org\",\"@graph\":[{\"@type\":\"WebPage\",\"@id\":\"https:\\\/\\\/dolcipiu.ca\\\/fr\\\/gateaux-personnalises\\\/\",\"url\":\"https:\\\/\\\/dolcipiu.ca\\\/fr\\\/gateaux-personnalises\\\/\",\"name\":\"G\u00e2teaux Personnalis\u00e9s - Patisserie Dolci Piu\",\"isPartOf\":{\"@id\":\"https:\\\/\\\/dolcipiu.ca\\\/#website\"},\"primaryImageOfPage\":{\"@id\":\"https:\\\/\\\/dolcipiu.ca\\\/fr\\\/gateaux-personnalises\\\/#primaryimage\"},\"image\":{\"@id\":\"https:\\\/\\\/dolcipiu.ca\\\/fr\\\/gateaux-personnalises\\\/#primaryimage\"},\"thumbnailUrl\":\"https:\\\/\\\/dolcipiu.ca\\\/wp-content\\\/uploads\\\/2012\\\/10\\\/Dolci_Piu_wedding_cake_Main-3-1140x300.jpg\",\"datePublished\":\"2015-03-11T21:38:07+00:00\",\"dateModified\":\"2015-03-12T20:37:54+00:00\",\"breadcrumb\":{\"@id\":\"https:\\\/\\\/dolcipiu.ca\\\/fr\\\/gateaux-personnalises\\\/#breadcrumb\"},\"inLanguage\":\"fr-FR\",\"potentialAction\":[{\"@type\":\"ReadAction\",\"target\":[\"https:\\\/\\\/dolcipiu.ca\\\/fr\\\/gateaux-personnalises\\\/\"]}]},{\"@type\":\"ImageObject\",\"inLanguage\":\"fr-FR\",\"@id\":\"https:\\\/\\\/dolcipiu.ca\\\/fr\\\/gateaux-personnalises\\\/#primaryimage\",\"url\":\"https:\\\/\\\/dolcipiu.ca\\\/wp-content\\\/uploads\\\/2012\\\/10\\\/Dolci_Piu_wedding_cake_Main-3-1140x300.jpg\",\"contentUrl\":\"https:\\\/\\\/dolcipiu.ca\\\/wp-content\\\/uploads\\\/2012\\\/10\\\/Dolci_Piu_wedding_cake_Main-3-1140x300.jpg\",\"width\":1140,\"height\":300},{\"@type\":\"BreadcrumbList\",\"@id\":\"https:\\\/\\\/dolcipiu.ca\\\/fr\\\/gateaux-personnalises\\\/#breadcrumb\",\"itemListElement\":[{\"@type\":\"ListItem\",\"position\":1,\"name\":\"Home\",\"item\":\"https:\\\/\\\/dolcipiu.ca\\\/fr\\\/\"},{\"@type\":\"ListItem\",\"position\":2,\"name\":\"G\u00e2teaux Personnalis\u00e9s\"}]},{\"@type\":\"WebSite\",\"@id\":\"https:\\\/\\\/dolcipiu.ca\\\/#website\",\"url\":\"https:\\\/\\\/dolcipiu.ca\\\/\",\"name\":\"Patisserie Dolci Piu\",\"description\":\"Montreal&#039;s Best Wedding Cakes | Delicious Custom Cakes | Cafe-Bistro | Catering | Bakery\",\"publisher\":{\"@id\":\"https:\\\/\\\/dolcipiu.ca\\\/#organization\"},\"potentialAction\":[{\"@type\":\"SearchAction\",\"target\":{\"@type\":\"EntryPoint\",\"urlTemplate\":\"https:\\\/\\\/dolcipiu.ca\\\/?s={search_term_string}\"},\"query-input\":{\"@type\":\"PropertyValueSpecification\",\"valueRequired\":true,\"valueName\":\"search_term_string\"}}],\"inLanguage\":\"fr-FR\"},{\"@type\":\"Organization\",\"@id\":\"https:\\\/\\\/dolcipiu.ca\\\/#organization\",\"name\":\"Dolci Piu\",\"url\":\"https:\\\/\\\/dolcipiu.ca\\\/\",\"logo\":{\"@type\":\"ImageObject\",\"inLanguage\":\"fr-FR\",\"@id\":\"https:\\\/\\\/dolcipiu.ca\\\/#\\\/schema\\\/logo\\\/image\\\/\",\"url\":\"https:\\\/\\\/dolcipiu.ca\\\/wp-content\\\/uploads\\\/2014\\\/12\\\/Dolci-Piu-Website-Logo-2.png\",\"contentUrl\":\"https:\\\/\\\/dolcipiu.ca\\\/wp-content\\\/uploads\\\/2014\\\/12\\\/Dolci-Piu-Website-Logo-2.png\",\"width\":360,\"height\":217,\"caption\":\"Dolci Piu\"},\"image\":{\"@id\":\"https:\\\/\\\/dolcipiu.ca\\\/#\\\/schema\\\/logo\\\/image\\\/\"},\"sameAs\":[\"https:\\\/\\\/www.facebook.com\\\/dolcipiu\",\"https:\\\/\\\/www.instagram.com\\\/dolcipiu\\\/\"]}]}<\/script>\n<!-- \/ Yoast SEO plugin. -->","yoast_head_json":{"title":"G\u00e2teaux Personnalis\u00e9s - Patisserie Dolci Piu","robots":{"index":"index","follow":"follow","max-snippet":"max-snippet:-1","max-image-preview":"max-image-preview:large","max-video-preview":"max-video-preview:-1"},"canonical":"https:\/\/dolcipiu.ca\/fr\/gateaux-personnalises\/","og_locale":"fr_FR","og_type":"article","og_title":"G\u00e2teaux Personnalis\u00e9s - Patisserie Dolci Piu","og_description":"[vc_row][vc_column width=\u00a0\u00bb2\/3&Prime;][vc_custom_heading text=\u00a0\u00bbG\u00e2teaux Personnalis\u00e9s\u00a0\u00bb font_container=\u00a0\u00bbtag:h5|font_size:25|text_align:left|color:%23d8a4af|line_height:2&Prime; google_fonts=\u00a0\u00bbfont_family:Cinzel%3Aregular%2C700%2C900|font_style:400%20regular%3A400%3Anormal\u00a0\u00bb][ultimate_spacer height=\u00a0\u00bb10&Prime;][vc_column_text] Confiez \u00e0 nos chefs-p\u00e2tissiers chevronn\u00e9s le soin de cr\u00e9er le g\u00e2teau de vos r\u00eaves ou choisissez-en un parmi nos conceptions exclusives. Notre \u00e9quipe cr\u00e9ative saura r\u00e9aliser la pi\u00e8ce parfaite personnalis\u00e9e \u00e0 l\u2019occasion sp\u00e9ciale que vous c\u00e9l\u00e9brez, et dont vos invit\u00e9s se souviendront longtemps. Faites votre choix parmi notre [&hellip;]","og_url":"https:\/\/dolcipiu.ca\/fr\/gateaux-personnalises\/","og_site_name":"Patisserie Dolci Piu","article_publisher":"https:\/\/www.facebook.com\/dolcipiu","article_modified_time":"2015-03-12T20:37:54+00:00","og_image":[{"width":1140,"height":300,"url":"https:\/\/dolcipiu.ca\/wp-content\/uploads\/2012\/10\/Dolci_Piu_wedding_cake_Main-3-1140x300.jpg","type":"image\/jpeg"}],"twitter_card":"summary_large_image","twitter_misc":{"Dur\u00e9e de lecture estim\u00e9e":"4 minutes"},"schema":{"@context":"https:\/\/schema.org","@graph":[{"@type":"WebPage","@id":"https:\/\/dolcipiu.ca\/fr\/gateaux-personnalises\/","url":"https:\/\/dolcipiu.ca\/fr\/gateaux-personnalises\/","name":"G\u00e2teaux Personnalis\u00e9s - Patisserie Dolci Piu","isPartOf":{"@id":"https:\/\/dolcipiu.ca\/#website"},"primaryImageOfPage":{"@id":"https:\/\/dolcipiu.ca\/fr\/gateaux-personnalises\/#primaryimage"},"image":{"@id":"https:\/\/dolcipiu.ca\/fr\/gateaux-personnalises\/#primaryimage"},"thumbnailUrl":"https:\/\/dolcipiu.ca\/wp-content\/uploads\/2012\/10\/Dolci_Piu_wedding_cake_Main-3-1140x300.jpg","datePublished":"2015-03-11T21:38:07+00:00","dateModified":"2015-03-12T20:37:54+00:00","breadcrumb":{"@id":"https:\/\/dolcipiu.ca\/fr\/gateaux-personnalises\/#breadcrumb"},"inLanguage":"fr-FR","potentialAction":[{"@type":"ReadAction","target":["https:\/\/dolcipiu.ca\/fr\/gateaux-personnalises\/"]}]},{"@type":"ImageObject","inLanguage":"fr-FR","@id":"https:\/\/dolcipiu.ca\/fr\/gateaux-personnalises\/#primaryimage","url":"https:\/\/dolcipiu.ca\/wp-content\/uploads\/2012\/10\/Dolci_Piu_wedding_cake_Main-3-1140x300.jpg","contentUrl":"https:\/\/dolcipiu.ca\/wp-content\/uploads\/2012\/10\/Dolci_Piu_wedding_cake_Main-3-1140x300.jpg","width":1140,"height":300},{"@type":"BreadcrumbList","@id":"https:\/\/dolcipiu.ca\/fr\/gateaux-personnalises\/#breadcrumb","itemListElement":[{"@type":"ListItem","position":1,"name":"Home","item":"https:\/\/dolcipiu.ca\/fr\/"},{"@type":"ListItem","position":2,"name":"G\u00e2teaux Personnalis\u00e9s"}]},{"@type":"WebSite","@id":"https:\/\/dolcipiu.ca\/#website","url":"https:\/\/dolcipiu.ca\/","name":"Patisserie Dolci Piu","description":"Montreal&#039;s Best Wedding Cakes | Delicious Custom Cakes | Cafe-Bistro | Catering | Bakery","publisher":{"@id":"https:\/\/dolcipiu.ca\/#organization"},"potentialAction":[{"@type":"SearchAction","target":{"@type":"EntryPoint","urlTemplate":"https:\/\/dolcipiu.ca\/?s={search_term_string}"},"query-input":{"@type":"PropertyValueSpecification","valueRequired":true,"valueName":"search_term_string"}}],"inLanguage":"fr-FR"},{"@type":"Organization","@id":"https:\/\/dolcipiu.ca\/#organization","name":"Dolci Piu","url":"https:\/\/dolcipiu.ca\/","logo":{"@type":"ImageObject","inLanguage":"fr-FR","@id":"https:\/\/dolcipiu.ca\/#\/schema\/logo\/image\/","url":"https:\/\/dolcipiu.ca\/wp-content\/uploads\/2014\/12\/Dolci-Piu-Website-Logo-2.png","contentUrl":"https:\/\/dolcipiu.ca\/wp-content\/uploads\/2014\/12\/Dolci-Piu-Website-Logo-2.png","width":360,"height":217,"caption":"Dolci Piu"},"image":{"@id":"https:\/\/dolcipiu.ca\/#\/schema\/logo\/image\/"},"sameAs":["https:\/\/www.facebook.com\/dolcipiu","https:\/\/www.instagram.com\/dolcipiu\/"]}]}},"_links":{"self":[{"href":"https:\/\/dolcipiu.ca\/fr\/wp-json\/wp\/v2\/pages\/1164","targetHints":{"allow":["GET"]}}],"collection":[{"href":"https:\/\/dolcipiu.ca\/fr\/wp-json\/wp\/v2\/pages"}],"about":[{"href":"https:\/\/dolcipiu.ca\/fr\/wp-json\/wp\/v2\/types\/page"}],"author":[{"embeddable":true,"href":"https:\/\/dolcipiu.ca\/fr\/wp-json\/wp\/v2\/users\/1"}],"replies":[{"embeddable":true,"href":"https:\/\/dolcipiu.ca\/fr\/wp-json\/wp\/v2\/comments?post=1164"}],"version-history":[{"count":5,"href":"https:\/\/dolcipiu.ca\/fr\/wp-json\/wp\/v2\/pages\/1164\/revisions"}],"predecessor-version":[{"id":1304,"href":"https:\/\/dolcipiu.ca\/fr\/wp-json\/wp\/v2\/pages\/1164\/revisions\/1304"}],"wp:featuredmedia":[{"embeddable":true,"href":"https:\/\/dolcipiu.ca\/fr\/wp-json\/wp\/v2\/media\/867"}],"wp:attachment":[{"href":"https:\/\/dolcipiu.ca\/fr\/wp-json\/wp\/v2\/media?parent=1164"}],"curies":[{"name":"wp","href":"https:\/\/api.w.org\/{rel}","templated":true}]}}