{"id":1178,"date":"2015-03-11T17:51:08","date_gmt":"2015-03-11T21:51:08","guid":{"rendered":"http:\/\/dolcipiu.ca\/?page_id=1178"},"modified":"2024-05-07T12:16:31","modified_gmt":"2024-05-07T16:16:31","slug":"accueil","status":"publish","type":"page","link":"https:\/\/dolcipiu.ca\/fr\/","title":{"rendered":"Accueil"},"content":{"rendered":"<div class=\"wpb-content-wrapper\"><p>[vc_row][vc_column width=\u00a0\u00bb1\/6&Prime;][\/vc_column][vc_column width=\u00a0\u00bb2\/3&Prime;][vc_custom_heading text=\u00a0\u00bbP\u00e2tisserie Dolci Piu peut r\u00e9aliser le g\u00e2teau de mariage de vos r\u00eaves.\u00a0\u00bb font_container=\u00a0\u00bbtag:h2|font_size:20|text_align:center|color:%23d8a4af|line_height:2&Prime; google_fonts=\u00a0\u00bbfont_family:Cinzel%3Aregular%2C700%2C900|font_style:400%20regular%3A400%3Anormal\u00a0\u00bb][vc_column_text css=\u00a0\u00bb\u00a0\u00bb]<\/p>\n<p style=\"text-align: justify;\">Reconnue pour ses g\u00e2teaux personnalis\u00e9s, ses fameux petits g\u00e2teaux, ses <em>cake pops<\/em>, macarons et biscuits, la P\u00e2tisserie Dolci Piu est la r\u00e9f\u00e9rence en mati\u00e8re de d\u00e9lices sucr\u00e9s \u00e0 Montr\u00e9al. Ses experts p\u00e2tissiers cr\u00e9ent des g\u00e2teaux de la plus haute \u00e9l\u00e9gance, qui sauront faire de chaque \u00e9v\u00e8nement une occasion des plus m\u00e9morables. Ils vous offrent une vaste s\u00e9lection de d\u00e9lectables plats maison ainsi qu\u2019un service de traiteur gourmet, pour alimenter tous vos \u00e9v\u00e8nements, r\u00e9unions d\u2019affaires et f\u00eates de toutes sortes.<\/p>\n<p style=\"text-align: justify;\">Situ\u00e9e au coeur de Montr\u00e9al, la P\u00e2tisserie Dolci Piu est rapidement devenue synonyme d\u2019attention irr\u00e9prochable aux d\u00e9tails, de service d\u00e9vou\u00e9 et par-dessus tout, de l\u2019amour de la cuisine. Au plaisir de vous servir bient\u00f4t!<\/p>\n<p>[\/vc_column_text][\/vc_column][vc_column width=\u00a0\u00bb1\/6&Prime;][\/vc_column][\/vc_row][vc_row][vc_column width=\u00a0\u00bb1\/4&Prime;][vc_single_image image=\u00a0\u00bb1276&Prime; img_size=\u00a0\u00bblarge\u00a0\u00bb alignment=\u00a0\u00bbcenter\u00a0\u00bb style=\u00a0\u00bbvc_box_rounded\u00a0\u00bb onclick=\u00a0\u00bbcustom_link\u00a0\u00bb link=\u00a0\u00bbhttp:\/\/dolcipiu.ca\/fr\/patisserie\/\u00a0\u00bb title=\u00a0\u00bbP\u00e2tisserie\u00a0\u00bb][\/vc_column][vc_column width=\u00a0\u00bb1\/4&Prime;][vc_single_image image=\u00a0\u00bb1275&Prime; img_size=\u00a0\u00bblarge\u00a0\u00bb alignment=\u00a0\u00bbcenter\u00a0\u00bb style=\u00a0\u00bbvc_box_rounded\u00a0\u00bb onclick=\u00a0\u00bbcustom_link\u00a0\u00bb link=\u00a0\u00bbhttp:\/\/dolcipiu.ca\/fr\/gateaux-personnalises\/\u00a0\u00bb title=\u00a0\u00bbG\u00e2teaux Personnalis\u00e9s\u00a0\u00bb][\/vc_column][vc_column width=\u00a0\u00bb1\/4&Prime;][vc_single_image image=\u00a0\u00bb1277&Prime; img_size=\u00a0\u00bblarge\u00a0\u00bb alignment=\u00a0\u00bbcenter\u00a0\u00bb style=\u00a0\u00bbvc_box_rounded\u00a0\u00bb onclick=\u00a0\u00bbcustom_link\u00a0\u00bb link=\u00a0\u00bbhttp:\/\/dolcipiu.ca\/fr\/service-de-traiteur\/\u00a0\u00bb title=\u00a0\u00bbTraiteur\u00a0\u00bb][\/vc_column][vc_column width=\u00a0\u00bb1\/4&Prime;][vc_single_image image=\u00a0\u00bb1274&Prime; img_size=\u00a0\u00bblarge\u00a0\u00bb alignment=\u00a0\u00bbcenter\u00a0\u00bb style=\u00a0\u00bbvc_box_rounded\u00a0\u00bb onclick=\u00a0\u00bbcustom_link\u00a0\u00bb link=\u00a0\u00bbhttp:\/\/dolcipiu.ca\/fr\/cafe-bistro-2\/\u00a0\u00bb title=\u00a0\u00bbCaf\u00e9 Bistro\u00a0\u00bb][\/vc_column][\/vc_row]<\/p>\n<\/div>","protected":false},"excerpt":{"rendered":"<p>[vc_row][vc_column width=\u00a0\u00bb1\/6&Prime;][\/vc_column][vc_column width=\u00a0\u00bb2\/3&Prime;][vc_custom_heading text=\u00a0\u00bbP\u00e2tisserie Dolci Piu peut r\u00e9aliser le g\u00e2teau de mariage de vos r\u00eaves.\u00a0\u00bb font_container=\u00a0\u00bbtag:h2|font_size:20|text_align:center|color:%23d8a4af|line_height:2&Prime; google_fonts=\u00a0\u00bbfont_family:Cinzel%3Aregular%2C700%2C900|font_style:400%20regular%3A400%3Anormal\u00a0\u00bb][vc_column_text css=\u00a0\u00bb\u00a0\u00bb] Reconnue pour ses g\u00e2teaux personnalis\u00e9s, ses fameux petits g\u00e2teaux, ses cake pops, macarons et biscuits, la P\u00e2tisserie Dolci Piu est la r\u00e9f\u00e9rence en mati\u00e8re de d\u00e9lices sucr\u00e9s \u00e0 Montr\u00e9al. Ses experts p\u00e2tissiers cr\u00e9ent des g\u00e2teaux de la [&hellip;]<\/p>\n","protected":false},"author":1,"featured_media":0,"parent":0,"menu_order":1,"comment_status":"closed","ping_status":"closed","template":"homepage.php","meta":{"om_disable_all_campaigns":false,"_monsterinsights_skip_tracking":false,"_monsterinsights_sitenote_active":false,"_monsterinsights_sitenote_note":"","_monsterinsights_sitenote_category":0,"ngg_post_thumbnail":0,"footnotes":""},"class_list":["post-1178","page","type-page","status-publish","hentry"],"yoast_head":"<!-- This site is optimized with the Yoast SEO plugin v27.4 - https:\/\/yoast.com\/product\/yoast-seo-wordpress\/ -->\n<title>Accueil - Patisserie Dolci Piu<\/title>\n<meta name=\"robots\" content=\"index, follow, max-snippet:-1, max-image-preview:large, max-video-preview:-1\" \/>\n<link rel=\"canonical\" href=\"https:\/\/dolcipiu.ca\/fr\/\" \/>\n<meta property=\"og:locale\" content=\"fr_FR\" \/>\n<meta property=\"og:type\" content=\"article\" \/>\n<meta property=\"og:title\" content=\"Accueil - Patisserie Dolci Piu\" \/>\n<meta property=\"og:description\" content=\"[vc_row][vc_column width=\u00a0\u00bb1\/6&Prime;][\/vc_column][vc_column width=\u00a0\u00bb2\/3&Prime;][vc_custom_heading text=\u00a0\u00bbP\u00e2tisserie Dolci Piu peut r\u00e9aliser le g\u00e2teau de mariage de vos r\u00eaves.\u00a0\u00bb font_container=\u00a0\u00bbtag:h2|font_size:20|text_align:center|color:%23d8a4af|line_height:2&Prime; google_fonts=\u00a0\u00bbfont_family:Cinzel%3Aregular%2C700%2C900|font_style:400%20regular%3A400%3Anormal\u00a0\u00bb][vc_column_text css=\u00a0\u00bb\u00a0\u00bb] Reconnue pour ses g\u00e2teaux personnalis\u00e9s, ses fameux petits g\u00e2teaux, ses cake pops, macarons et biscuits, la P\u00e2tisserie Dolci Piu est la r\u00e9f\u00e9rence en mati\u00e8re de d\u00e9lices sucr\u00e9s \u00e0 Montr\u00e9al. Ses experts p\u00e2tissiers cr\u00e9ent des g\u00e2teaux de la [&hellip;]\" \/>\n<meta property=\"og:url\" content=\"https:\/\/dolcipiu.ca\/fr\/\" \/>\n<meta property=\"og:site_name\" content=\"Patisserie Dolci Piu\" \/>\n<meta property=\"article:publisher\" content=\"https:\/\/www.facebook.com\/dolcipiu\" \/>\n<meta property=\"article:modified_time\" content=\"2024-05-07T16:16:31+00:00\" \/>\n<meta name=\"twitter:card\" content=\"summary_large_image\" \/>\n<meta name=\"twitter:label1\" content=\"Dur\u00e9e de lecture estim\u00e9e\" \/>\n\t<meta name=\"twitter:data1\" content=\"2 minutes\" \/>\n<script type=\"application\/ld+json\" class=\"yoast-schema-graph\">{\"@context\":\"https:\\\/\\\/schema.org\",\"@graph\":[{\"@type\":\"WebPage\",\"@id\":\"https:\\\/\\\/dolcipiu.ca\\\/fr\\\/\",\"url\":\"https:\\\/\\\/dolcipiu.ca\\\/fr\\\/\",\"name\":\"Accueil - Patisserie Dolci Piu\",\"isPartOf\":{\"@id\":\"https:\\\/\\\/dolcipiu.ca\\\/#website\"},\"datePublished\":\"2015-03-11T21:51:08+00:00\",\"dateModified\":\"2024-05-07T16:16:31+00:00\",\"breadcrumb\":{\"@id\":\"https:\\\/\\\/dolcipiu.ca\\\/fr\\\/#breadcrumb\"},\"inLanguage\":\"fr-FR\",\"potentialAction\":[{\"@type\":\"ReadAction\",\"target\":[\"https:\\\/\\\/dolcipiu.ca\\\/fr\\\/\"]}]},{\"@type\":\"BreadcrumbList\",\"@id\":\"https:\\\/\\\/dolcipiu.ca\\\/fr\\\/#breadcrumb\",\"itemListElement\":[{\"@type\":\"ListItem\",\"position\":1,\"name\":\"Home\",\"item\":\"https:\\\/\\\/dolcipiu.ca\\\/fr\\\/\"},{\"@type\":\"ListItem\",\"position\":2,\"name\":\"Accueil\"}]},{\"@type\":\"WebSite\",\"@id\":\"https:\\\/\\\/dolcipiu.ca\\\/#website\",\"url\":\"https:\\\/\\\/dolcipiu.ca\\\/\",\"name\":\"Patisserie Dolci Piu\",\"description\":\"Montreal&#039;s Best Wedding Cakes | Delicious Custom Cakes | Cafe-Bistro | Catering | Bakery\",\"publisher\":{\"@id\":\"https:\\\/\\\/dolcipiu.ca\\\/#organization\"},\"potentialAction\":[{\"@type\":\"SearchAction\",\"target\":{\"@type\":\"EntryPoint\",\"urlTemplate\":\"https:\\\/\\\/dolcipiu.ca\\\/?s={search_term_string}\"},\"query-input\":{\"@type\":\"PropertyValueSpecification\",\"valueRequired\":true,\"valueName\":\"search_term_string\"}}],\"inLanguage\":\"fr-FR\"},{\"@type\":\"Organization\",\"@id\":\"https:\\\/\\\/dolcipiu.ca\\\/#organization\",\"name\":\"Dolci Piu\",\"url\":\"https:\\\/\\\/dolcipiu.ca\\\/\",\"logo\":{\"@type\":\"ImageObject\",\"inLanguage\":\"fr-FR\",\"@id\":\"https:\\\/\\\/dolcipiu.ca\\\/#\\\/schema\\\/logo\\\/image\\\/\",\"url\":\"https:\\\/\\\/dolcipiu.ca\\\/wp-content\\\/uploads\\\/2014\\\/12\\\/Dolci-Piu-Website-Logo-2.png\",\"contentUrl\":\"https:\\\/\\\/dolcipiu.ca\\\/wp-content\\\/uploads\\\/2014\\\/12\\\/Dolci-Piu-Website-Logo-2.png\",\"width\":360,\"height\":217,\"caption\":\"Dolci Piu\"},\"image\":{\"@id\":\"https:\\\/\\\/dolcipiu.ca\\\/#\\\/schema\\\/logo\\\/image\\\/\"},\"sameAs\":[\"https:\\\/\\\/www.facebook.com\\\/dolcipiu\",\"https:\\\/\\\/www.instagram.com\\\/dolcipiu\\\/\"]}]}<\/script>\n<!-- \/ Yoast SEO plugin. -->","yoast_head_json":{"title":"Accueil - Patisserie Dolci Piu","robots":{"index":"index","follow":"follow","max-snippet":"max-snippet:-1","max-image-preview":"max-image-preview:large","max-video-preview":"max-video-preview:-1"},"canonical":"https:\/\/dolcipiu.ca\/fr\/","og_locale":"fr_FR","og_type":"article","og_title":"Accueil - Patisserie Dolci Piu","og_description":"[vc_row][vc_column width=\u00a0\u00bb1\/6&Prime;][\/vc_column][vc_column width=\u00a0\u00bb2\/3&Prime;][vc_custom_heading text=\u00a0\u00bbP\u00e2tisserie Dolci Piu peut r\u00e9aliser le g\u00e2teau de mariage de vos r\u00eaves.\u00a0\u00bb font_container=\u00a0\u00bbtag:h2|font_size:20|text_align:center|color:%23d8a4af|line_height:2&Prime; google_fonts=\u00a0\u00bbfont_family:Cinzel%3Aregular%2C700%2C900|font_style:400%20regular%3A400%3Anormal\u00a0\u00bb][vc_column_text css=\u00a0\u00bb\u00a0\u00bb] Reconnue pour ses g\u00e2teaux personnalis\u00e9s, ses fameux petits g\u00e2teaux, ses cake pops, macarons et biscuits, la P\u00e2tisserie Dolci Piu est la r\u00e9f\u00e9rence en mati\u00e8re de d\u00e9lices sucr\u00e9s \u00e0 Montr\u00e9al. Ses experts p\u00e2tissiers cr\u00e9ent des g\u00e2teaux de la [&hellip;]","og_url":"https:\/\/dolcipiu.ca\/fr\/","og_site_name":"Patisserie Dolci Piu","article_publisher":"https:\/\/www.facebook.com\/dolcipiu","article_modified_time":"2024-05-07T16:16:31+00:00","twitter_card":"summary_large_image","twitter_misc":{"Dur\u00e9e de lecture estim\u00e9e":"2 minutes"},"schema":{"@context":"https:\/\/schema.org","@graph":[{"@type":"WebPage","@id":"https:\/\/dolcipiu.ca\/fr\/","url":"https:\/\/dolcipiu.ca\/fr\/","name":"Accueil - Patisserie Dolci Piu","isPartOf":{"@id":"https:\/\/dolcipiu.ca\/#website"},"datePublished":"2015-03-11T21:51:08+00:00","dateModified":"2024-05-07T16:16:31+00:00","breadcrumb":{"@id":"https:\/\/dolcipiu.ca\/fr\/#breadcrumb"},"inLanguage":"fr-FR","potentialAction":[{"@type":"ReadAction","target":["https:\/\/dolcipiu.ca\/fr\/"]}]},{"@type":"BreadcrumbList","@id":"https:\/\/dolcipiu.ca\/fr\/#breadcrumb","itemListElement":[{"@type":"ListItem","position":1,"name":"Home","item":"https:\/\/dolcipiu.ca\/fr\/"},{"@type":"ListItem","position":2,"name":"Accueil"}]},{"@type":"WebSite","@id":"https:\/\/dolcipiu.ca\/#website","url":"https:\/\/dolcipiu.ca\/","name":"Patisserie Dolci Piu","description":"Montreal&#039;s Best Wedding Cakes | Delicious Custom Cakes | Cafe-Bistro | Catering | Bakery","publisher":{"@id":"https:\/\/dolcipiu.ca\/#organization"},"potentialAction":[{"@type":"SearchAction","target":{"@type":"EntryPoint","urlTemplate":"https:\/\/dolcipiu.ca\/?s={search_term_string}"},"query-input":{"@type":"PropertyValueSpecification","valueRequired":true,"valueName":"search_term_string"}}],"inLanguage":"fr-FR"},{"@type":"Organization","@id":"https:\/\/dolcipiu.ca\/#organization","name":"Dolci Piu","url":"https:\/\/dolcipiu.ca\/","logo":{"@type":"ImageObject","inLanguage":"fr-FR","@id":"https:\/\/dolcipiu.ca\/#\/schema\/logo\/image\/","url":"https:\/\/dolcipiu.ca\/wp-content\/uploads\/2014\/12\/Dolci-Piu-Website-Logo-2.png","contentUrl":"https:\/\/dolcipiu.ca\/wp-content\/uploads\/2014\/12\/Dolci-Piu-Website-Logo-2.png","width":360,"height":217,"caption":"Dolci Piu"},"image":{"@id":"https:\/\/dolcipiu.ca\/#\/schema\/logo\/image\/"},"sameAs":["https:\/\/www.facebook.com\/dolcipiu","https:\/\/www.instagram.com\/dolcipiu\/"]}]}},"_links":{"self":[{"href":"https:\/\/dolcipiu.ca\/fr\/wp-json\/wp\/v2\/pages\/1178","targetHints":{"allow":["GET"]}}],"collection":[{"href":"https:\/\/dolcipiu.ca\/fr\/wp-json\/wp\/v2\/pages"}],"about":[{"href":"https:\/\/dolcipiu.ca\/fr\/wp-json\/wp\/v2\/types\/page"}],"author":[{"embeddable":true,"href":"https:\/\/dolcipiu.ca\/fr\/wp-json\/wp\/v2\/users\/1"}],"replies":[{"embeddable":true,"href":"https:\/\/dolcipiu.ca\/fr\/wp-json\/wp\/v2\/comments?post=1178"}],"version-history":[{"count":5,"href":"https:\/\/dolcipiu.ca\/fr\/wp-json\/wp\/v2\/pages\/1178\/revisions"}],"predecessor-version":[{"id":1640,"href":"https:\/\/dolcipiu.ca\/fr\/wp-json\/wp\/v2\/pages\/1178\/revisions\/1640"}],"wp:attachment":[{"href":"https:\/\/dolcipiu.ca\/fr\/wp-json\/wp\/v2\/media?parent=1178"}],"curies":[{"name":"wp","href":"https:\/\/api.w.org\/{rel}","templated":true}]}}