{"id":1180,"date":"2015-03-11T17:53:35","date_gmt":"2015-03-11T21:53:35","guid":{"rendered":"http:\/\/dolcipiu.ca\/?page_id=1180"},"modified":"2022-09-27T16:23:04","modified_gmt":"2022-09-27T20:23:04","slug":"service-de-traiteur","status":"publish","type":"page","link":"https:\/\/dolcipiu.ca\/fr\/service-de-traiteur\/","title":{"rendered":"Service de Traiteur"},"content":{"rendered":"<div class=\"wpb-content-wrapper\"><p>[vc_row][vc_column width=\u00a0\u00bb1\/3&Prime;][\/vc_column][vc_column width=\u00a0\u00bb1\/3&Prime;][\/vc_column][vc_column width=\u00a0\u00bb1\/3&Prime;][\/vc_column][\/vc_row][vc_row][vc_column][vc_custom_heading text=\u00a0\u00bbService de Traiteur\u00a0\u00bb font_container=\u00a0\u00bbtag:h5|font_size:25|text_align:center|color:%23d8a4af|line_height:2&Prime; google_fonts=\u00a0\u00bbfont_family:Cinzel%3Aregular%2C700%2C900|font_style:400%20regular%3A400%3Anormal\u00a0\u00bb][vc_column_text]<\/p>\n<p style=\"text-align: center;\">Dolci Pi\u00f9 met tout en \u0153uvre pour que chacun de ses clients puisse vivre une exp\u00e9rience de service de traiteur inoubliable. Nous prenons en charge tous types d\u2019\u00e9v\u00e9nements sp\u00e9ciaux tels que vos activit\u00e9s d\u2019entreprise et vos f\u00eates priv\u00e9es.<\/p>\n<p style=\"text-align: center;\">&nbsp;Nous veillons \u00e0 vous offrir les ingr\u00e9dients de la plus haute qualit\u00e9 et \u00e0 les pr\u00e9senter pour le plus grand plaisir de l\u2019\u0153il et du palais. Les r\u00e9ceptions \u00e0 la maison ou ailleurs sont d\u2019une telle simplicit\u00e9 avec Dolci Pi\u00f9 \u2013 nous nous occupons de tout!<\/p>\n<p style=\"text-align: center;\"><em>Des frais de livraison s\u2019appliquent.<\/em> <em>Merci de passer vos commandes au moins 48 heures d\u2019avance.<\/em><\/p>\n<p style=\"text-align: center;\">Pour toute information ou une copie de notre menu traiteur, veuillez nous envoyer une demande par courriel \u00e0: <a href=\"mailto:info@dolcipiu.ca\">info@dolcipiu.ca<\/a><\/p>\n<p>[\/vc_column_text][\/vc_column][\/vc_row][vc_row][vc_column][\/vc_column][\/vc_row][vc_row][vc_column width=\u00a0\u00bb1\/3&Prime;][vc_single_image image=\u00a0\u00bb281&Prime; img_size=\u00a0\u00bbmedium\u00a0\u00bb alignment=\u00a0\u00bbcenter\u00a0\u00bb style=\u00a0\u00bbvc_box_rounded\u00a0\u00bb onclick=\u00a0\u00bbcustom_link\u00a0\u00bb title=\u00a0\u00bbCanap\u00e9s\u00a0\u00bb link=\u00a0\u00bbhttp:\/\/dolcipiu.ca\/fr\/service-de-traiteur\/canapes\/\u00a0\u00bb][vc_column_text]<\/p>\n<p style=\"text-align: justify;\">Notre menu comprend de d\u00e9licieuses options, nomm\u00e9ment&nbsp;: mini quiches, vol-au-vent, mini brochettes de poulet, prosciutto et cantaloupe, etc.<\/p>\n<p>[\/vc_column_text][\/vc_column][vc_column width=\u00a0\u00bb1\/3&Prime;][vc_single_image image=\u00a0\u00bb827&Prime; img_size=\u00a0\u00bbmedium\u00a0\u00bb alignment=\u00a0\u00bbcenter\u00a0\u00bb style=\u00a0\u00bbvc_box_rounded\u00a0\u00bb onclick=\u00a0\u00bbcustom_link\u00a0\u00bb title=\u00a0\u00bbMets Chauds\u00a0\u00bb link=\u00a0\u00bbhttp:\/\/dolcipiu.ca\/fr\/service-de-traiteur\/mets-chauds\/\u00a0\u00bb][vc_column_text]<\/p>\n<p style=\"text-align: justify;\">D\u2019un simple repas pour deux \u00e0 la maison aux grands \u00e9v\u00e8nements, nous vous proposons nos d\u00e9lices maison, comme notre lasagne, nos tortellinis, nos poitrines de poulet et beaucoup plus encore!<\/p>\n<p>[\/vc_column_text][\/vc_column][vc_column width=\u00a0\u00bb1\/3&Prime;][vc_single_image image=\u00a0\u00bb829&Prime; img_size=\u00a0\u00bbmedium\u00a0\u00bb alignment=\u00a0\u00bbcenter\u00a0\u00bb style=\u00a0\u00bbvc_box_rounded\u00a0\u00bb onclick=\u00a0\u00bbcustom_link\u00a0\u00bb title=\u00a0\u00bbBo\u00eetes \u00e0 lunch\u00a0\u00bb link=\u00a0\u00bbhttp:\/\/dolcipiu.ca\/fr\/service-de-traiteur\/boites-a-lunch\/\u00a0\u00bb][vc_column_text]<\/p>\n<p style=\"text-align: justify;\">Un choix id\u00e9al pour les r\u00e9unions d\u2019affaires ou encore pour une pause-d\u00eener rapide lors de l\u2019un des \u00e9v\u00e8nements sportifs de votre enfant. Nos bo\u00eetes \u00e0 lunch comprennent un sandwich, une salade et un dessert.<\/p>\n<p>[\/vc_column_text][\/vc_column][\/vc_row][vc_row][vc_column][vc_empty_space height=\u00a0\u00bb1px\u00a0\u00bb][\/vc_column][\/vc_row][vc_row][vc_column width=\u00a0\u00bb1\/3&Prime;][vc_single_image image=\u00a0\u00bb831&Prime; img_size=\u00a0\u00bbmedium\u00a0\u00bb alignment=\u00a0\u00bbcenter\u00a0\u00bb style=\u00a0\u00bbvc_box_rounded\u00a0\u00bb onclick=\u00a0\u00bbcustom_link\u00a0\u00bb title=\u00a0\u00bbPlateaux\u00a0\u00bb link=\u00a0\u00bbhttp:\/\/dolcipiu.ca\/fr\/service-de-traiteur\/plateaux\/\u00a0\u00bb][vc_column_text]<\/p>\n<p style=\"text-align: justify;\">Nos savoureux choix de plateaux comprennent; sandwichs, fruits, crudit\u00e9s et trempette, pizza, saumon fum\u00e9 et bien plus encore!<\/p>\n<p>[\/vc_column_text][\/vc_column][vc_column width=\u00a0\u00bb1\/3&Prime;][vc_single_image image=\u00a0\u00bb833&Prime; img_size=\u00a0\u00bbmedium\u00a0\u00bb alignment=\u00a0\u00bbcenter\u00a0\u00bb style=\u00a0\u00bbvc_box_rounded\u00a0\u00bb onclick=\u00a0\u00bbcustom_link\u00a0\u00bb title=\u00a0\u00bbSalades\u00a0\u00bb link=\u00a0\u00bbhttp:\/\/dolcipiu.ca\/fr\/service-de-traiteur\/salades\/\u00a0\u00bb][vc_column_text]<\/p>\n<p style=\"text-align: justify;\">Nous sommes ravis de vous offrir un vaste choix de salades, comme tomates et concombres, f\u00e8ves noires et mangue ou encore haricots verts et coeurs de palmier, pour ne nommer que celles-l\u00e0.<\/p>\n<p>[\/vc_column_text][\/vc_column][vc_column width=\u00a0\u00bb1\/3&Prime;][vc_single_image image=\u00a0\u00bb834&Prime; img_size=\u00a0\u00bbmedium\u00a0\u00bb alignment=\u00a0\u00bbcenter\u00a0\u00bb style=\u00a0\u00bbvc_box_rounded\u00a0\u00bb onclick=\u00a0\u00bbcustom_link\u00a0\u00bb title=\u00a0\u00bbSandwiches\u00a0\u00bb link=\u00a0\u00bbhttp:\/\/dolcipiu.ca\/fr\/service-de-traiteur\/sandwichs\/\u00a0\u00bb][vc_column_text]<\/p>\n<p style=\"text-align: justify;\">Choisissez parmi notre s\u00e9lection de sandwiches, de mini ciabattas et plus encore. Nous offrons \u00e9galement des options v\u00e9g\u00e9tariennes.<\/p>\n<p>[\/vc_column_text][\/vc_column][\/vc_row]<\/p>\n<\/div>","protected":false},"excerpt":{"rendered":"<p>[vc_row][vc_column width=\u00a0\u00bb1\/3&Prime;][\/vc_column][vc_column width=\u00a0\u00bb1\/3&Prime;][\/vc_column][vc_column width=\u00a0\u00bb1\/3&Prime;][\/vc_column][\/vc_row][vc_row][vc_column][vc_custom_heading text=\u00a0\u00bbService de Traiteur\u00a0\u00bb font_container=\u00a0\u00bbtag:h5|font_size:25|text_align:center|color:%23d8a4af|line_height:2&Prime; google_fonts=\u00a0\u00bbfont_family:Cinzel%3Aregular%2C700%2C900|font_style:400%20regular%3A400%3Anormal\u00a0\u00bb][vc_column_text] Dolci Pi\u00f9 met tout en \u0153uvre pour que chacun de ses clients puisse vivre une exp\u00e9rience de service de traiteur inoubliable. Nous prenons en charge tous types d\u2019\u00e9v\u00e9nements sp\u00e9ciaux tels que vos activit\u00e9s d\u2019entreprise et vos f\u00eates priv\u00e9es. &nbsp;Nous veillons \u00e0 vous offrir les ingr\u00e9dients de [&hellip;]<\/p>\n","protected":false},"author":1,"featured_media":870,"parent":0,"menu_order":2,"comment_status":"open","ping_status":"open","template":"","meta":{"om_disable_all_campaigns":false,"_monsterinsights_skip_tracking":false,"_monsterinsights_sitenote_active":false,"_monsterinsights_sitenote_note":"","_monsterinsights_sitenote_category":0,"ngg_post_thumbnail":0,"footnotes":""},"class_list":["post-1180","page","type-page","status-publish","has-post-thumbnail","hentry"],"yoast_head":"<!-- This site is optimized with the Yoast SEO plugin v27.4 - https:\/\/yoast.com\/product\/yoast-seo-wordpress\/ -->\n<title>Service de Traiteur - Patisserie Dolci Piu<\/title>\n<meta name=\"robots\" content=\"index, follow, max-snippet:-1, max-image-preview:large, max-video-preview:-1\" \/>\n<link rel=\"canonical\" href=\"https:\/\/dolcipiu.ca\/fr\/service-de-traiteur\/\" \/>\n<meta property=\"og:locale\" content=\"fr_FR\" \/>\n<meta property=\"og:type\" content=\"article\" \/>\n<meta property=\"og:title\" content=\"Service de Traiteur - Patisserie Dolci Piu\" \/>\n<meta property=\"og:description\" content=\"[vc_row][vc_column width=\u00a0\u00bb1\/3&Prime;][\/vc_column][vc_column width=\u00a0\u00bb1\/3&Prime;][\/vc_column][vc_column width=\u00a0\u00bb1\/3&Prime;][\/vc_column][\/vc_row][vc_row][vc_column][vc_custom_heading text=\u00a0\u00bbService de Traiteur\u00a0\u00bb font_container=\u00a0\u00bbtag:h5|font_size:25|text_align:center|color:%23d8a4af|line_height:2&Prime; google_fonts=\u00a0\u00bbfont_family:Cinzel%3Aregular%2C700%2C900|font_style:400%20regular%3A400%3Anormal\u00a0\u00bb][vc_column_text] Dolci Pi\u00f9 met tout en \u0153uvre pour que chacun de ses clients puisse vivre une exp\u00e9rience de service de traiteur inoubliable. Nous prenons en charge tous types d\u2019\u00e9v\u00e9nements sp\u00e9ciaux tels que vos activit\u00e9s d\u2019entreprise et vos f\u00eates priv\u00e9es. &nbsp;Nous veillons \u00e0 vous offrir les ingr\u00e9dients de [&hellip;]\" \/>\n<meta property=\"og:url\" content=\"https:\/\/dolcipiu.ca\/fr\/service-de-traiteur\/\" \/>\n<meta property=\"og:site_name\" content=\"Patisserie Dolci Piu\" \/>\n<meta property=\"article:publisher\" content=\"https:\/\/www.facebook.com\/dolcipiu\" \/>\n<meta property=\"article:modified_time\" content=\"2022-09-27T20:23:04+00:00\" \/>\n<meta property=\"og:image\" content=\"https:\/\/dolcipiu.ca\/wp-content\/uploads\/2012\/10\/Dolci_Piu_wedding_catering_Main-3-140x300.jpg\" \/>\n\t<meta property=\"og:image:width\" content=\"1140\" \/>\n\t<meta property=\"og:image:height\" content=\"300\" \/>\n\t<meta property=\"og:image:type\" content=\"image\/jpeg\" \/>\n<meta name=\"twitter:card\" content=\"summary_large_image\" \/>\n<meta name=\"twitter:label1\" content=\"Dur\u00e9e de lecture estim\u00e9e\" \/>\n\t<meta name=\"twitter:data1\" content=\"2 minutes\" \/>\n<script type=\"application\/ld+json\" class=\"yoast-schema-graph\">{\"@context\":\"https:\\\/\\\/schema.org\",\"@graph\":[{\"@type\":\"WebPage\",\"@id\":\"https:\\\/\\\/dolcipiu.ca\\\/fr\\\/service-de-traiteur\\\/\",\"url\":\"https:\\\/\\\/dolcipiu.ca\\\/fr\\\/service-de-traiteur\\\/\",\"name\":\"Service de Traiteur - Patisserie Dolci Piu\",\"isPartOf\":{\"@id\":\"https:\\\/\\\/dolcipiu.ca\\\/#website\"},\"primaryImageOfPage\":{\"@id\":\"https:\\\/\\\/dolcipiu.ca\\\/fr\\\/service-de-traiteur\\\/#primaryimage\"},\"image\":{\"@id\":\"https:\\\/\\\/dolcipiu.ca\\\/fr\\\/service-de-traiteur\\\/#primaryimage\"},\"thumbnailUrl\":\"https:\\\/\\\/dolcipiu.ca\\\/wp-content\\\/uploads\\\/2012\\\/10\\\/Dolci_Piu_wedding_catering_Main-3-140x300.jpg\",\"datePublished\":\"2015-03-11T21:53:35+00:00\",\"dateModified\":\"2022-09-27T20:23:04+00:00\",\"breadcrumb\":{\"@id\":\"https:\\\/\\\/dolcipiu.ca\\\/fr\\\/service-de-traiteur\\\/#breadcrumb\"},\"inLanguage\":\"fr-FR\",\"potentialAction\":[{\"@type\":\"ReadAction\",\"target\":[\"https:\\\/\\\/dolcipiu.ca\\\/fr\\\/service-de-traiteur\\\/\"]}]},{\"@type\":\"ImageObject\",\"inLanguage\":\"fr-FR\",\"@id\":\"https:\\\/\\\/dolcipiu.ca\\\/fr\\\/service-de-traiteur\\\/#primaryimage\",\"url\":\"https:\\\/\\\/dolcipiu.ca\\\/wp-content\\\/uploads\\\/2012\\\/10\\\/Dolci_Piu_wedding_catering_Main-3-140x300.jpg\",\"contentUrl\":\"https:\\\/\\\/dolcipiu.ca\\\/wp-content\\\/uploads\\\/2012\\\/10\\\/Dolci_Piu_wedding_catering_Main-3-140x300.jpg\",\"width\":1140,\"height\":300},{\"@type\":\"BreadcrumbList\",\"@id\":\"https:\\\/\\\/dolcipiu.ca\\\/fr\\\/service-de-traiteur\\\/#breadcrumb\",\"itemListElement\":[{\"@type\":\"ListItem\",\"position\":1,\"name\":\"Home\",\"item\":\"https:\\\/\\\/dolcipiu.ca\\\/fr\\\/\"},{\"@type\":\"ListItem\",\"position\":2,\"name\":\"Service de Traiteur\"}]},{\"@type\":\"WebSite\",\"@id\":\"https:\\\/\\\/dolcipiu.ca\\\/#website\",\"url\":\"https:\\\/\\\/dolcipiu.ca\\\/\",\"name\":\"Patisserie Dolci Piu\",\"description\":\"Montreal&#039;s Best Wedding Cakes | Delicious Custom Cakes | Cafe-Bistro | Catering | Bakery\",\"publisher\":{\"@id\":\"https:\\\/\\\/dolcipiu.ca\\\/#organization\"},\"potentialAction\":[{\"@type\":\"SearchAction\",\"target\":{\"@type\":\"EntryPoint\",\"urlTemplate\":\"https:\\\/\\\/dolcipiu.ca\\\/?s={search_term_string}\"},\"query-input\":{\"@type\":\"PropertyValueSpecification\",\"valueRequired\":true,\"valueName\":\"search_term_string\"}}],\"inLanguage\":\"fr-FR\"},{\"@type\":\"Organization\",\"@id\":\"https:\\\/\\\/dolcipiu.ca\\\/#organization\",\"name\":\"Dolci Piu\",\"url\":\"https:\\\/\\\/dolcipiu.ca\\\/\",\"logo\":{\"@type\":\"ImageObject\",\"inLanguage\":\"fr-FR\",\"@id\":\"https:\\\/\\\/dolcipiu.ca\\\/#\\\/schema\\\/logo\\\/image\\\/\",\"url\":\"https:\\\/\\\/dolcipiu.ca\\\/wp-content\\\/uploads\\\/2014\\\/12\\\/Dolci-Piu-Website-Logo-2.png\",\"contentUrl\":\"https:\\\/\\\/dolcipiu.ca\\\/wp-content\\\/uploads\\\/2014\\\/12\\\/Dolci-Piu-Website-Logo-2.png\",\"width\":360,\"height\":217,\"caption\":\"Dolci Piu\"},\"image\":{\"@id\":\"https:\\\/\\\/dolcipiu.ca\\\/#\\\/schema\\\/logo\\\/image\\\/\"},\"sameAs\":[\"https:\\\/\\\/www.facebook.com\\\/dolcipiu\",\"https:\\\/\\\/www.instagram.com\\\/dolcipiu\\\/\"]}]}<\/script>\n<!-- \/ Yoast SEO plugin. -->","yoast_head_json":{"title":"Service de Traiteur - Patisserie Dolci Piu","robots":{"index":"index","follow":"follow","max-snippet":"max-snippet:-1","max-image-preview":"max-image-preview:large","max-video-preview":"max-video-preview:-1"},"canonical":"https:\/\/dolcipiu.ca\/fr\/service-de-traiteur\/","og_locale":"fr_FR","og_type":"article","og_title":"Service de Traiteur - Patisserie Dolci Piu","og_description":"[vc_row][vc_column width=\u00a0\u00bb1\/3&Prime;][\/vc_column][vc_column width=\u00a0\u00bb1\/3&Prime;][\/vc_column][vc_column width=\u00a0\u00bb1\/3&Prime;][\/vc_column][\/vc_row][vc_row][vc_column][vc_custom_heading text=\u00a0\u00bbService de Traiteur\u00a0\u00bb font_container=\u00a0\u00bbtag:h5|font_size:25|text_align:center|color:%23d8a4af|line_height:2&Prime; google_fonts=\u00a0\u00bbfont_family:Cinzel%3Aregular%2C700%2C900|font_style:400%20regular%3A400%3Anormal\u00a0\u00bb][vc_column_text] Dolci Pi\u00f9 met tout en \u0153uvre pour que chacun de ses clients puisse vivre une exp\u00e9rience de service de traiteur inoubliable. Nous prenons en charge tous types d\u2019\u00e9v\u00e9nements sp\u00e9ciaux tels que vos activit\u00e9s d\u2019entreprise et vos f\u00eates priv\u00e9es. &nbsp;Nous veillons \u00e0 vous offrir les ingr\u00e9dients de [&hellip;]","og_url":"https:\/\/dolcipiu.ca\/fr\/service-de-traiteur\/","og_site_name":"Patisserie Dolci Piu","article_publisher":"https:\/\/www.facebook.com\/dolcipiu","article_modified_time":"2022-09-27T20:23:04+00:00","og_image":[{"width":1140,"height":300,"url":"https:\/\/dolcipiu.ca\/wp-content\/uploads\/2012\/10\/Dolci_Piu_wedding_catering_Main-3-140x300.jpg","type":"image\/jpeg"}],"twitter_card":"summary_large_image","twitter_misc":{"Dur\u00e9e de lecture estim\u00e9e":"2 minutes"},"schema":{"@context":"https:\/\/schema.org","@graph":[{"@type":"WebPage","@id":"https:\/\/dolcipiu.ca\/fr\/service-de-traiteur\/","url":"https:\/\/dolcipiu.ca\/fr\/service-de-traiteur\/","name":"Service de Traiteur - Patisserie Dolci Piu","isPartOf":{"@id":"https:\/\/dolcipiu.ca\/#website"},"primaryImageOfPage":{"@id":"https:\/\/dolcipiu.ca\/fr\/service-de-traiteur\/#primaryimage"},"image":{"@id":"https:\/\/dolcipiu.ca\/fr\/service-de-traiteur\/#primaryimage"},"thumbnailUrl":"https:\/\/dolcipiu.ca\/wp-content\/uploads\/2012\/10\/Dolci_Piu_wedding_catering_Main-3-140x300.jpg","datePublished":"2015-03-11T21:53:35+00:00","dateModified":"2022-09-27T20:23:04+00:00","breadcrumb":{"@id":"https:\/\/dolcipiu.ca\/fr\/service-de-traiteur\/#breadcrumb"},"inLanguage":"fr-FR","potentialAction":[{"@type":"ReadAction","target":["https:\/\/dolcipiu.ca\/fr\/service-de-traiteur\/"]}]},{"@type":"ImageObject","inLanguage":"fr-FR","@id":"https:\/\/dolcipiu.ca\/fr\/service-de-traiteur\/#primaryimage","url":"https:\/\/dolcipiu.ca\/wp-content\/uploads\/2012\/10\/Dolci_Piu_wedding_catering_Main-3-140x300.jpg","contentUrl":"https:\/\/dolcipiu.ca\/wp-content\/uploads\/2012\/10\/Dolci_Piu_wedding_catering_Main-3-140x300.jpg","width":1140,"height":300},{"@type":"BreadcrumbList","@id":"https:\/\/dolcipiu.ca\/fr\/service-de-traiteur\/#breadcrumb","itemListElement":[{"@type":"ListItem","position":1,"name":"Home","item":"https:\/\/dolcipiu.ca\/fr\/"},{"@type":"ListItem","position":2,"name":"Service de Traiteur"}]},{"@type":"WebSite","@id":"https:\/\/dolcipiu.ca\/#website","url":"https:\/\/dolcipiu.ca\/","name":"Patisserie Dolci Piu","description":"Montreal&#039;s Best Wedding Cakes | Delicious Custom Cakes | Cafe-Bistro | Catering | Bakery","publisher":{"@id":"https:\/\/dolcipiu.ca\/#organization"},"potentialAction":[{"@type":"SearchAction","target":{"@type":"EntryPoint","urlTemplate":"https:\/\/dolcipiu.ca\/?s={search_term_string}"},"query-input":{"@type":"PropertyValueSpecification","valueRequired":true,"valueName":"search_term_string"}}],"inLanguage":"fr-FR"},{"@type":"Organization","@id":"https:\/\/dolcipiu.ca\/#organization","name":"Dolci Piu","url":"https:\/\/dolcipiu.ca\/","logo":{"@type":"ImageObject","inLanguage":"fr-FR","@id":"https:\/\/dolcipiu.ca\/#\/schema\/logo\/image\/","url":"https:\/\/dolcipiu.ca\/wp-content\/uploads\/2014\/12\/Dolci-Piu-Website-Logo-2.png","contentUrl":"https:\/\/dolcipiu.ca\/wp-content\/uploads\/2014\/12\/Dolci-Piu-Website-Logo-2.png","width":360,"height":217,"caption":"Dolci Piu"},"image":{"@id":"https:\/\/dolcipiu.ca\/#\/schema\/logo\/image\/"},"sameAs":["https:\/\/www.facebook.com\/dolcipiu","https:\/\/www.instagram.com\/dolcipiu\/"]}]}},"_links":{"self":[{"href":"https:\/\/dolcipiu.ca\/fr\/wp-json\/wp\/v2\/pages\/1180","targetHints":{"allow":["GET"]}}],"collection":[{"href":"https:\/\/dolcipiu.ca\/fr\/wp-json\/wp\/v2\/pages"}],"about":[{"href":"https:\/\/dolcipiu.ca\/fr\/wp-json\/wp\/v2\/types\/page"}],"author":[{"embeddable":true,"href":"https:\/\/dolcipiu.ca\/fr\/wp-json\/wp\/v2\/users\/1"}],"replies":[{"embeddable":true,"href":"https:\/\/dolcipiu.ca\/fr\/wp-json\/wp\/v2\/comments?post=1180"}],"version-history":[{"count":5,"href":"https:\/\/dolcipiu.ca\/fr\/wp-json\/wp\/v2\/pages\/1180\/revisions"}],"predecessor-version":[{"id":1621,"href":"https:\/\/dolcipiu.ca\/fr\/wp-json\/wp\/v2\/pages\/1180\/revisions\/1621"}],"wp:featuredmedia":[{"embeddable":true,"href":"https:\/\/dolcipiu.ca\/fr\/wp-json\/wp\/v2\/media\/870"}],"wp:attachment":[{"href":"https:\/\/dolcipiu.ca\/fr\/wp-json\/wp\/v2\/media?parent=1180"}],"curies":[{"name":"wp","href":"https:\/\/api.w.org\/{rel}","templated":true}]}}