{"id":1194,"date":"2015-03-11T18:05:14","date_gmt":"2015-03-11T22:05:14","guid":{"rendered":"http:\/\/dolcipiu.ca\/?page_id=1194"},"modified":"2015-03-12T17:03:31","modified_gmt":"2015-03-12T21:03:31","slug":"cafe-bistro-2","status":"publish","type":"page","link":"https:\/\/dolcipiu.ca\/fr\/cafe-bistro-2\/","title":{"rendered":"Caf\u00e9-Bistro"},"content":{"rendered":"<div class=\"wpb-content-wrapper\"><p>[vc_row][vc_column width=\u00a0\u00bb2\/3&Prime;][vc_custom_heading text=\u00a0\u00bbCaf\u00e9 Bistro\u00a0\u00bb font_container=\u00a0\u00bbtag:h5|font_size:25|text_align:center|color:%23d8a4af|line_height:2&Prime; google_fonts=\u00a0\u00bbfont_family:Cinzel%3Aregular%2C700%2C900|font_style:400%20regular%3A400%3Anormal\u00a0\u00bb][ultimate_spacer height=\u00a0\u00bb10&Prime;][vc_column_text]<\/p>\n<p style=\"text-align: justify;\">Vous recherchez de d\u00e9licieuses viennoiseries et du caf\u00e9 pr\u00e9par\u00e9 avec savoir-faire? Ne cherchez pas plus loin! Nous sommes ouverts 7 jours par semaine, et ce, toute l\u2019ann\u00e9e, afin de vous aider \u00e0 d\u00e9marrer votre journ\u00e9e avec le sourire!<\/p>\n<p style=\"text-align: justify;\">Nos baristas sont \u00e0 votre disposition, pr\u00eats \u00e0 vous offrir un caf\u00e9, un cappuccino, un latt\u00e9 ou un expresso, le tout fra\u00eechement pr\u00e9par\u00e9. N\u2019h\u00e9sitez surtout pas \u00e0 jumeler votre caf\u00e9 \u00e0 l\u2019un de nos all\u00e9chants croissants au beurre ou aux amandes, \u00e0 nos danoises ou encore \u00e0 nos biscottis \u00e0 l\u2019italienne.<\/p>\n<p>[\/vc_column_text][\/vc_column][vc_column width=\u00a0\u00bb1\/3&Prime;][vc_single_image image=\u00a0\u00bb225&Prime; alignment=\u00a0\u00bbcenter\u00a0\u00bb border_color=\u00a0\u00bbgrey\u00a0\u00bb img_link_large=\u00a0\u00bb\u00a0\u00bb img_link_target=\u00a0\u00bb_self\u00a0\u00bb img_size=\u00a0\u00bb150&#215;250&Prime;][\/vc_column][\/vc_row][vc_row][vc_column width=\u00a0\u00bb1\/3&Prime;][vc_single_image border_color=\u00a0\u00bbwhite\u00a0\u00bb img_link_target=\u00a0\u00bb_self\u00a0\u00bb title=\u00a0\u00bbCaf\u00e9\u00a0\u00bb image=\u00a0\u00bb989&Prime; img_size=\u00a0\u00bbmedium\u00a0\u00bb style=\u00a0\u00bbvc_box_outline\u00a0\u00bb link=\u00a0\u00bbhttp:\/\/dolcipiu.ca\/fr\/cafe-bistro-2\/cafe\/\u00a0\u00bb img_link_large=\u00a0\u00bb\u00a0\u00bb alignment=\u00a0\u00bbcenter\u00a0\u00bb][vc_column_text]<\/p>\n<p style=\"text-align: justify;\">Commencez la journ\u00e9e du bon pied avec un caf\u00e9 pr\u00e9par\u00e9 avec expertise. Quoi de mieux pour r\u00e9veiller vos papilles tout en vous donnant une bonne dose d\u2019\u00e9nergie?<\/p>\n<p>[\/vc_column_text][\/vc_column][vc_column width=\u00a0\u00bb1\/3&Prime;][vc_single_image border_color=\u00a0\u00bbwhite\u00a0\u00bb img_link_target=\u00a0\u00bb_self\u00a0\u00bb title=\u00a0\u00bbViennoiseries\u00a0\u00bb image=\u00a0\u00bb876&Prime; img_size=\u00a0\u00bbmedium\u00a0\u00bb style=\u00a0\u00bbvc_box_outline\u00a0\u00bb link=\u00a0\u00bbhttp:\/\/dolcipiu.ca\/fr\/cafe-bistro-2\/viennoiseries\/\u00a0\u00bb img_link_large=\u00a0\u00bb\u00a0\u00bb alignment=\u00a0\u00bbcenter\u00a0\u00bb][vc_column_text]<\/p>\n<p style=\"text-align: justify;\">D\u00e9gustez-les comme d\u00e9licieux petit d\u00e9jeuner sur le pouce, ou mieux encore, informez-vous au sujet de nos mini-viennoiseries pour vos r\u00e9unions du matin!<\/p>\n<p>[\/vc_column_text][\/vc_column][vc_column width=\u00a0\u00bb1\/3&Prime;][vc_single_image border_color=\u00a0\u00bbwhite\u00a0\u00bb img_link_target=\u00a0\u00bb_self\u00a0\u00bb title=\u00a0\u00bbComptoir-D\u00eener\u00a0\u00bb image=\u00a0\u00bb783&Prime; img_size=\u00a0\u00bbmedium\u00a0\u00bb style=\u00a0\u00bbvc_box_outline\u00a0\u00bb link=\u00a0\u00bbhttp:\/\/dolcipiu.ca\/fr\/cafe-bistro-2\/comptoir-diner\/\u00a0\u00bb img_link_large=\u00a0\u00bb\u00a0\u00bb alignment=\u00a0\u00bbcenter\u00a0\u00bb][vc_column_text]<\/p>\n<p style=\"text-align: justify;\">Venez d\u00eener chez nous! Choisissez parmi notre vaste s\u00e9lection de sandwichs, de lasagnes et de boulettes de viande faites maison, ou encore de nos simples et r\u00e9confortantes soupes et salades!<\/p>\n<p>[\/vc_column_text][\/vc_column][\/vc_row]<\/p>\n<\/div>","protected":false},"excerpt":{"rendered":"<p>[vc_row][vc_column width=\u00a0\u00bb2\/3&Prime;][vc_custom_heading text=\u00a0\u00bbCaf\u00e9 Bistro\u00a0\u00bb font_container=\u00a0\u00bbtag:h5|font_size:25|text_align:center|color:%23d8a4af|line_height:2&Prime; google_fonts=\u00a0\u00bbfont_family:Cinzel%3Aregular%2C700%2C900|font_style:400%20regular%3A400%3Anormal\u00a0\u00bb][ultimate_spacer height=\u00a0\u00bb10&Prime;][vc_column_text] Vous recherchez de d\u00e9licieuses viennoiseries et du caf\u00e9 pr\u00e9par\u00e9 avec savoir-faire? Ne cherchez pas plus loin! Nous sommes ouverts 7 jours par semaine, et ce, toute l\u2019ann\u00e9e, afin de vous aider \u00e0 d\u00e9marrer votre journ\u00e9e avec le sourire! Nos baristas sont \u00e0 votre disposition, pr\u00eats \u00e0 vous offrir [&hellip;]<\/p>\n","protected":false},"author":1,"featured_media":1041,"parent":0,"menu_order":3,"comment_status":"open","ping_status":"open","template":"","meta":{"om_disable_all_campaigns":false,"_monsterinsights_skip_tracking":false,"_monsterinsights_sitenote_active":false,"_monsterinsights_sitenote_note":"","_monsterinsights_sitenote_category":0,"ngg_post_thumbnail":0,"footnotes":""},"class_list":["post-1194","page","type-page","status-publish","has-post-thumbnail","hentry"],"yoast_head":"<!-- This site is optimized with the Yoast SEO plugin v27.4 - https:\/\/yoast.com\/product\/yoast-seo-wordpress\/ -->\n<title>Caf\u00e9-Bistro - Patisserie Dolci Piu<\/title>\n<meta name=\"robots\" content=\"index, follow, max-snippet:-1, max-image-preview:large, max-video-preview:-1\" \/>\n<link rel=\"canonical\" href=\"https:\/\/dolcipiu.ca\/fr\/cafe-bistro-2\/\" \/>\n<meta property=\"og:locale\" content=\"fr_FR\" \/>\n<meta property=\"og:type\" content=\"article\" \/>\n<meta property=\"og:title\" content=\"Caf\u00e9-Bistro - Patisserie Dolci Piu\" \/>\n<meta property=\"og:description\" content=\"[vc_row][vc_column width=\u00a0\u00bb2\/3&Prime;][vc_custom_heading text=\u00a0\u00bbCaf\u00e9 Bistro\u00a0\u00bb font_container=\u00a0\u00bbtag:h5|font_size:25|text_align:center|color:%23d8a4af|line_height:2&Prime; google_fonts=\u00a0\u00bbfont_family:Cinzel%3Aregular%2C700%2C900|font_style:400%20regular%3A400%3Anormal\u00a0\u00bb][ultimate_spacer height=\u00a0\u00bb10&Prime;][vc_column_text] Vous recherchez de d\u00e9licieuses viennoiseries et du caf\u00e9 pr\u00e9par\u00e9 avec savoir-faire? Ne cherchez pas plus loin! Nous sommes ouverts 7 jours par semaine, et ce, toute l\u2019ann\u00e9e, afin de vous aider \u00e0 d\u00e9marrer votre journ\u00e9e avec le sourire! Nos baristas sont \u00e0 votre disposition, pr\u00eats \u00e0 vous offrir [&hellip;]\" \/>\n<meta property=\"og:url\" content=\"https:\/\/dolcipiu.ca\/fr\/cafe-bistro-2\/\" \/>\n<meta property=\"og:site_name\" content=\"Patisserie Dolci Piu\" \/>\n<meta property=\"article:publisher\" content=\"https:\/\/www.facebook.com\/dolcipiu\" \/>\n<meta property=\"article:modified_time\" content=\"2015-03-12T21:03:31+00:00\" \/>\n<meta property=\"og:image\" content=\"https:\/\/dolcipiu.ca\/wp-content\/uploads\/2014\/12\/dolci-piu-coffee-latte-croissant-danish-viennoiserie-2.jpg\" \/>\n\t<meta property=\"og:image:width\" content=\"2000\" \/>\n\t<meta property=\"og:image:height\" content=\"625\" \/>\n\t<meta property=\"og:image:type\" content=\"image\/jpeg\" \/>\n<meta name=\"twitter:card\" content=\"summary_large_image\" \/>\n<meta name=\"twitter:label1\" content=\"Dur\u00e9e de lecture estim\u00e9e\" \/>\n\t<meta name=\"twitter:data1\" content=\"2 minutes\" \/>\n<script type=\"application\/ld+json\" class=\"yoast-schema-graph\">{\"@context\":\"https:\\\/\\\/schema.org\",\"@graph\":[{\"@type\":\"WebPage\",\"@id\":\"https:\\\/\\\/dolcipiu.ca\\\/fr\\\/cafe-bistro-2\\\/\",\"url\":\"https:\\\/\\\/dolcipiu.ca\\\/fr\\\/cafe-bistro-2\\\/\",\"name\":\"Caf\u00e9-Bistro - Patisserie Dolci Piu\",\"isPartOf\":{\"@id\":\"https:\\\/\\\/dolcipiu.ca\\\/#website\"},\"primaryImageOfPage\":{\"@id\":\"https:\\\/\\\/dolcipiu.ca\\\/fr\\\/cafe-bistro-2\\\/#primaryimage\"},\"image\":{\"@id\":\"https:\\\/\\\/dolcipiu.ca\\\/fr\\\/cafe-bistro-2\\\/#primaryimage\"},\"thumbnailUrl\":\"https:\\\/\\\/dolcipiu.ca\\\/wp-content\\\/uploads\\\/2014\\\/12\\\/dolci-piu-coffee-latte-croissant-danish-viennoiserie-2.jpg\",\"datePublished\":\"2015-03-11T22:05:14+00:00\",\"dateModified\":\"2015-03-12T21:03:31+00:00\",\"breadcrumb\":{\"@id\":\"https:\\\/\\\/dolcipiu.ca\\\/fr\\\/cafe-bistro-2\\\/#breadcrumb\"},\"inLanguage\":\"fr-FR\",\"potentialAction\":[{\"@type\":\"ReadAction\",\"target\":[\"https:\\\/\\\/dolcipiu.ca\\\/fr\\\/cafe-bistro-2\\\/\"]}]},{\"@type\":\"ImageObject\",\"inLanguage\":\"fr-FR\",\"@id\":\"https:\\\/\\\/dolcipiu.ca\\\/fr\\\/cafe-bistro-2\\\/#primaryimage\",\"url\":\"https:\\\/\\\/dolcipiu.ca\\\/wp-content\\\/uploads\\\/2014\\\/12\\\/dolci-piu-coffee-latte-croissant-danish-viennoiserie-2.jpg\",\"contentUrl\":\"https:\\\/\\\/dolcipiu.ca\\\/wp-content\\\/uploads\\\/2014\\\/12\\\/dolci-piu-coffee-latte-croissant-danish-viennoiserie-2.jpg\",\"width\":2000,\"height\":625},{\"@type\":\"BreadcrumbList\",\"@id\":\"https:\\\/\\\/dolcipiu.ca\\\/fr\\\/cafe-bistro-2\\\/#breadcrumb\",\"itemListElement\":[{\"@type\":\"ListItem\",\"position\":1,\"name\":\"Home\",\"item\":\"https:\\\/\\\/dolcipiu.ca\\\/fr\\\/\"},{\"@type\":\"ListItem\",\"position\":2,\"name\":\"Caf\u00e9-Bistro\"}]},{\"@type\":\"WebSite\",\"@id\":\"https:\\\/\\\/dolcipiu.ca\\\/#website\",\"url\":\"https:\\\/\\\/dolcipiu.ca\\\/\",\"name\":\"Patisserie Dolci Piu\",\"description\":\"Montreal&#039;s Best Wedding Cakes | Delicious Custom Cakes | Cafe-Bistro | Catering | Bakery\",\"publisher\":{\"@id\":\"https:\\\/\\\/dolcipiu.ca\\\/#organization\"},\"potentialAction\":[{\"@type\":\"SearchAction\",\"target\":{\"@type\":\"EntryPoint\",\"urlTemplate\":\"https:\\\/\\\/dolcipiu.ca\\\/?s={search_term_string}\"},\"query-input\":{\"@type\":\"PropertyValueSpecification\",\"valueRequired\":true,\"valueName\":\"search_term_string\"}}],\"inLanguage\":\"fr-FR\"},{\"@type\":\"Organization\",\"@id\":\"https:\\\/\\\/dolcipiu.ca\\\/#organization\",\"name\":\"Dolci Piu\",\"url\":\"https:\\\/\\\/dolcipiu.ca\\\/\",\"logo\":{\"@type\":\"ImageObject\",\"inLanguage\":\"fr-FR\",\"@id\":\"https:\\\/\\\/dolcipiu.ca\\\/#\\\/schema\\\/logo\\\/image\\\/\",\"url\":\"https:\\\/\\\/dolcipiu.ca\\\/wp-content\\\/uploads\\\/2014\\\/12\\\/Dolci-Piu-Website-Logo-2.png\",\"contentUrl\":\"https:\\\/\\\/dolcipiu.ca\\\/wp-content\\\/uploads\\\/2014\\\/12\\\/Dolci-Piu-Website-Logo-2.png\",\"width\":360,\"height\":217,\"caption\":\"Dolci Piu\"},\"image\":{\"@id\":\"https:\\\/\\\/dolcipiu.ca\\\/#\\\/schema\\\/logo\\\/image\\\/\"},\"sameAs\":[\"https:\\\/\\\/www.facebook.com\\\/dolcipiu\",\"https:\\\/\\\/www.instagram.com\\\/dolcipiu\\\/\"]}]}<\/script>\n<!-- \/ Yoast SEO plugin. -->","yoast_head_json":{"title":"Caf\u00e9-Bistro - Patisserie Dolci Piu","robots":{"index":"index","follow":"follow","max-snippet":"max-snippet:-1","max-image-preview":"max-image-preview:large","max-video-preview":"max-video-preview:-1"},"canonical":"https:\/\/dolcipiu.ca\/fr\/cafe-bistro-2\/","og_locale":"fr_FR","og_type":"article","og_title":"Caf\u00e9-Bistro - Patisserie Dolci Piu","og_description":"[vc_row][vc_column width=\u00a0\u00bb2\/3&Prime;][vc_custom_heading text=\u00a0\u00bbCaf\u00e9 Bistro\u00a0\u00bb font_container=\u00a0\u00bbtag:h5|font_size:25|text_align:center|color:%23d8a4af|line_height:2&Prime; google_fonts=\u00a0\u00bbfont_family:Cinzel%3Aregular%2C700%2C900|font_style:400%20regular%3A400%3Anormal\u00a0\u00bb][ultimate_spacer height=\u00a0\u00bb10&Prime;][vc_column_text] Vous recherchez de d\u00e9licieuses viennoiseries et du caf\u00e9 pr\u00e9par\u00e9 avec savoir-faire? Ne cherchez pas plus loin! Nous sommes ouverts 7 jours par semaine, et ce, toute l\u2019ann\u00e9e, afin de vous aider \u00e0 d\u00e9marrer votre journ\u00e9e avec le sourire! Nos baristas sont \u00e0 votre disposition, pr\u00eats \u00e0 vous offrir [&hellip;]","og_url":"https:\/\/dolcipiu.ca\/fr\/cafe-bistro-2\/","og_site_name":"Patisserie Dolci Piu","article_publisher":"https:\/\/www.facebook.com\/dolcipiu","article_modified_time":"2015-03-12T21:03:31+00:00","og_image":[{"width":2000,"height":625,"url":"https:\/\/dolcipiu.ca\/wp-content\/uploads\/2014\/12\/dolci-piu-coffee-latte-croissant-danish-viennoiserie-2.jpg","type":"image\/jpeg"}],"twitter_card":"summary_large_image","twitter_misc":{"Dur\u00e9e de lecture estim\u00e9e":"2 minutes"},"schema":{"@context":"https:\/\/schema.org","@graph":[{"@type":"WebPage","@id":"https:\/\/dolcipiu.ca\/fr\/cafe-bistro-2\/","url":"https:\/\/dolcipiu.ca\/fr\/cafe-bistro-2\/","name":"Caf\u00e9-Bistro - Patisserie Dolci Piu","isPartOf":{"@id":"https:\/\/dolcipiu.ca\/#website"},"primaryImageOfPage":{"@id":"https:\/\/dolcipiu.ca\/fr\/cafe-bistro-2\/#primaryimage"},"image":{"@id":"https:\/\/dolcipiu.ca\/fr\/cafe-bistro-2\/#primaryimage"},"thumbnailUrl":"https:\/\/dolcipiu.ca\/wp-content\/uploads\/2014\/12\/dolci-piu-coffee-latte-croissant-danish-viennoiserie-2.jpg","datePublished":"2015-03-11T22:05:14+00:00","dateModified":"2015-03-12T21:03:31+00:00","breadcrumb":{"@id":"https:\/\/dolcipiu.ca\/fr\/cafe-bistro-2\/#breadcrumb"},"inLanguage":"fr-FR","potentialAction":[{"@type":"ReadAction","target":["https:\/\/dolcipiu.ca\/fr\/cafe-bistro-2\/"]}]},{"@type":"ImageObject","inLanguage":"fr-FR","@id":"https:\/\/dolcipiu.ca\/fr\/cafe-bistro-2\/#primaryimage","url":"https:\/\/dolcipiu.ca\/wp-content\/uploads\/2014\/12\/dolci-piu-coffee-latte-croissant-danish-viennoiserie-2.jpg","contentUrl":"https:\/\/dolcipiu.ca\/wp-content\/uploads\/2014\/12\/dolci-piu-coffee-latte-croissant-danish-viennoiserie-2.jpg","width":2000,"height":625},{"@type":"BreadcrumbList","@id":"https:\/\/dolcipiu.ca\/fr\/cafe-bistro-2\/#breadcrumb","itemListElement":[{"@type":"ListItem","position":1,"name":"Home","item":"https:\/\/dolcipiu.ca\/fr\/"},{"@type":"ListItem","position":2,"name":"Caf\u00e9-Bistro"}]},{"@type":"WebSite","@id":"https:\/\/dolcipiu.ca\/#website","url":"https:\/\/dolcipiu.ca\/","name":"Patisserie Dolci Piu","description":"Montreal&#039;s Best Wedding Cakes | Delicious Custom Cakes | Cafe-Bistro | Catering | Bakery","publisher":{"@id":"https:\/\/dolcipiu.ca\/#organization"},"potentialAction":[{"@type":"SearchAction","target":{"@type":"EntryPoint","urlTemplate":"https:\/\/dolcipiu.ca\/?s={search_term_string}"},"query-input":{"@type":"PropertyValueSpecification","valueRequired":true,"valueName":"search_term_string"}}],"inLanguage":"fr-FR"},{"@type":"Organization","@id":"https:\/\/dolcipiu.ca\/#organization","name":"Dolci Piu","url":"https:\/\/dolcipiu.ca\/","logo":{"@type":"ImageObject","inLanguage":"fr-FR","@id":"https:\/\/dolcipiu.ca\/#\/schema\/logo\/image\/","url":"https:\/\/dolcipiu.ca\/wp-content\/uploads\/2014\/12\/Dolci-Piu-Website-Logo-2.png","contentUrl":"https:\/\/dolcipiu.ca\/wp-content\/uploads\/2014\/12\/Dolci-Piu-Website-Logo-2.png","width":360,"height":217,"caption":"Dolci Piu"},"image":{"@id":"https:\/\/dolcipiu.ca\/#\/schema\/logo\/image\/"},"sameAs":["https:\/\/www.facebook.com\/dolcipiu","https:\/\/www.instagram.com\/dolcipiu\/"]}]}},"_links":{"self":[{"href":"https:\/\/dolcipiu.ca\/fr\/wp-json\/wp\/v2\/pages\/1194","targetHints":{"allow":["GET"]}}],"collection":[{"href":"https:\/\/dolcipiu.ca\/fr\/wp-json\/wp\/v2\/pages"}],"about":[{"href":"https:\/\/dolcipiu.ca\/fr\/wp-json\/wp\/v2\/types\/page"}],"author":[{"embeddable":true,"href":"https:\/\/dolcipiu.ca\/fr\/wp-json\/wp\/v2\/users\/1"}],"replies":[{"embeddable":true,"href":"https:\/\/dolcipiu.ca\/fr\/wp-json\/wp\/v2\/comments?post=1194"}],"version-history":[{"count":4,"href":"https:\/\/dolcipiu.ca\/fr\/wp-json\/wp\/v2\/pages\/1194\/revisions"}],"predecessor-version":[{"id":1314,"href":"https:\/\/dolcipiu.ca\/fr\/wp-json\/wp\/v2\/pages\/1194\/revisions\/1314"}],"wp:featuredmedia":[{"embeddable":true,"href":"https:\/\/dolcipiu.ca\/fr\/wp-json\/wp\/v2\/media\/1041"}],"wp:attachment":[{"href":"https:\/\/dolcipiu.ca\/fr\/wp-json\/wp\/v2\/media?parent=1194"}],"curies":[{"name":"wp","href":"https:\/\/api.w.org\/{rel}","templated":true}]}}